{"id":1653,"date":"2023-11-20T00:54:56","date_gmt":"2023-11-20T00:54:56","guid":{"rendered":"https:\/\/uecoe.es\/?page_id=1653"},"modified":"2024-02-12T12:06:53","modified_gmt":"2024-02-12T12:06:53","slug":"cursosformacion","status":"publish","type":"page","link":"https:\/\/uecoe.es\/en\/cursosformacion\/","title":{"rendered":"cursosformacion"},"content":{"rendered":"<div data-elementor-type=\"wp-page\" data-elementor-id=\"1653\" class=\"elementor elementor-1653\" data-elementor-post-type=\"page\">\n\t\t\t\t\t\t<section class=\"elementor-section elementor-top-section elementor-element elementor-element-6caba92 elementor-section-height-min-height elementor-section-stretched elementor-section-boxed elementor-section-height-default elementor-section-items-middle\" data-id=\"6caba92\" data-element_type=\"section\" data-e-type=\"section\" data-settings=\"{&quot;background_background&quot;:&quot;classic&quot;,&quot;stretch_section&quot;:&quot;section-stretched&quot;}\">\n\t\t\t\t\t\t\t<div class=\"elementor-background-overlay\"><\/div>\n\t\t\t\t\t\t\t<div class=\"elementor-container elementor-column-gap-no\">\n\t\t\t\t\t<div class=\"elementor-column elementor-col-100 elementor-top-column elementor-element elementor-element-5d3d7ae\" data-id=\"5d3d7ae\" data-element_type=\"column\" data-e-type=\"column\">\n\t\t\t<div class=\"elementor-widget-wrap elementor-element-populated\">\n\t\t\t\t\t\t<div class=\"elementor-element elementor-element-db1e03d elementor-invisible elementor-widget elementor-widget-heading\" data-id=\"db1e03d\" data-element_type=\"widget\" data-e-type=\"widget\" data-settings=\"{&quot;_animation&quot;:&quot;fadeInRight&quot;}\" data-widget_type=\"heading.default\">\n\t\t\t\t<div class=\"elementor-widget-container\">\n\t\t\t\t\t<h1 class=\"elementor-heading-title elementor-size-default\">\u00c1rea de formaci\u00f3n<\/h1>\t\t\t\t<\/div>\n\t\t\t\t<\/div>\n\t\t\t\t\t<\/div>\n\t\t<\/div>\n\t\t\t\t\t<\/div>\n\t\t<\/section>\n\t\t\t\t<section class=\"elementor-section elementor-top-section elementor-element elementor-element-5f46bd6 elementor-section-boxed elementor-section-height-default elementor-section-height-default elementor-invisible\" data-id=\"5f46bd6\" data-element_type=\"section\" data-e-type=\"section\" data-settings=\"{&quot;animation&quot;:&quot;fadeInUp&quot;}\">\n\t\t\t\t\t\t<div class=\"elementor-container elementor-column-gap-default\">\n\t\t\t\t\t<div class=\"elementor-column elementor-col-100 elementor-top-column elementor-element elementor-element-08be328\" data-id=\"08be328\" data-element_type=\"column\" data-e-type=\"column\">\n\t\t\t<div class=\"elementor-widget-wrap elementor-element-populated\">\n\t\t\t\t\t\t<div class=\"elementor-element elementor-element-9f6a619 elementor-grid-3 elementor-grid-tablet-2 elementor-grid-mobile-1 elementor-posts--thumbnail-top elementor-card-shadow-yes elementor-posts__hover-gradient elementor-widget elementor-widget-posts\" data-id=\"9f6a619\" data-element_type=\"widget\" data-e-type=\"widget\" data-settings=\"{&quot;cards_columns&quot;:&quot;3&quot;,&quot;cards_columns_tablet&quot;:&quot;2&quot;,&quot;cards_columns_mobile&quot;:&quot;1&quot;,&quot;cards_row_gap&quot;:{&quot;unit&quot;:&quot;px&quot;,&quot;size&quot;:35,&quot;sizes&quot;:[]},&quot;cards_row_gap_tablet&quot;:{&quot;unit&quot;:&quot;px&quot;,&quot;size&quot;:&quot;&quot;,&quot;sizes&quot;:[]},&quot;cards_row_gap_mobile&quot;:{&quot;unit&quot;:&quot;px&quot;,&quot;size&quot;:&quot;&quot;,&quot;sizes&quot;:[]}}\" data-widget_type=\"posts.cards\">\n\t\t\t\t<div class=\"elementor-widget-container\">\n\t\t\t\t\t\t\t<div class=\"elementor-posts-container elementor-posts elementor-posts--skin-cards elementor-grid\" role=\"list\">\n\t\t\t\t<article class=\"elementor-post elementor-grid-item post-3419 formacion type-formacion status-publish has-post-thumbnail hentry\" role=\"listitem\">\n\t\t\t<div class=\"elementor-post__card\">\n\t\t\t\t<a class=\"elementor-post__thumbnail__link\" href=\"https:\/\/uecoe.es\/en\/formacion\/curso-de-educacion-financiera-para-el-profesorado-de-primaria\/\" tabindex=\"-1\" ><div class=\"elementor-post__thumbnail\"><img fetchpriority=\"high\" decoding=\"async\" width=\"1024\" height=\"679\" src=\"https:\/\/uecoe.es\/wp-content\/uploads\/2024\/04\/Imagen1-1024x679.png\" class=\"attachment-large size-large wp-image-3418\" alt=\"Imagen1\" srcset=\"https:\/\/uecoe.es\/wp-content\/uploads\/2024\/04\/Imagen1-1024x679.png 1024w, https:\/\/uecoe.es\/wp-content\/uploads\/2024\/04\/Imagen1-300x199.png 300w, https:\/\/uecoe.es\/wp-content\/uploads\/2024\/04\/Imagen1-768x509.png 768w, https:\/\/uecoe.es\/wp-content\/uploads\/2024\/04\/Imagen1-18x12.png 18w, https:\/\/uecoe.es\/wp-content\/uploads\/2024\/04\/Imagen1.png 1195w\" sizes=\"(max-width: 1024px) 100vw, 1024px\" \/><\/div><\/a>\n\t\t\t\t<div class=\"elementor-post__text\">\n\t\t\t\t<h3 class=\"elementor-post__title\">\n\t\t\t<a href=\"https:\/\/uecoe.es\/en\/formacion\/curso-de-educacion-financiera-para-el-profesorado-de-primaria\/\" >\n\t\t\t\tCurso de Educaci\u00f3n Financiera para el profesorado de primaria\t\t\t<\/a>\n\t\t<\/h3>\n\t\t\t\t<div class=\"elementor-post__excerpt\">\n\t\t\t<p>Ya est\u00e1 abierto el plazo de preinscripci\u00f3n para la segunda edici\u00f3n del Curso de educaci\u00f3n financiera para profesorado de primaria, dirigido a maestras y maestros, para fortalecer las competencias personales y pedag\u00f3gicas que facilitan trabajar la educaci\u00f3n financiera en las aulas. La Fundaci\u00f3n ICO, la Universitat de Barcelona y la<\/p>\n\t\t<\/div>\n\t\t\n\t\t<a class=\"elementor-post__read-more\" href=\"https:\/\/uecoe.es\/en\/formacion\/curso-de-educacion-financiera-para-el-profesorado-de-primaria\/\" aria-label=\"Read more about Curso de Educaci\u00f3n Financiera para el profesorado de primaria\" tabindex=\"-1\" >\n\t\t\tLeer m\u00e1s \u00bb\t\t<\/a>\n\n\t\t\t\t<\/div>\n\t\t\t\t<div class=\"elementor-post__meta-data\">\n\t\t\t\t\t<span class=\"elementor-post-date\">\n\t\t\tApril 19, 2024\t\t<\/span>\n\t\t\t\t<span class=\"elementor-post-avatar\">\n\t\t\tNo Comments\t\t<\/span>\n\t\t\t\t<\/div>\n\t\t\t\t\t<\/div>\n\t\t<\/article>\n\t\t\t\t<article class=\"elementor-post elementor-grid-item post-2920 formacion type-formacion status-publish has-post-thumbnail hentry\" role=\"listitem\">\n\t\t\t<div class=\"elementor-post__card\">\n\t\t\t\t<a class=\"elementor-post__thumbnail__link\" href=\"https:\/\/uecoe.es\/en\/formacion\/acuerdo-uecoe\/\" tabindex=\"-1\" ><div class=\"elementor-post__thumbnail\"><img decoding=\"async\" width=\"602\" height=\"803\" src=\"https:\/\/uecoe.es\/wp-content\/uploads\/2024\/02\/Imagen-Acuerdo-UNIR-UECoE.jpg\" class=\"attachment-large size-large wp-image-2921\" alt=\"Imagen Acuerdo UNIR UECoE\" srcset=\"https:\/\/uecoe.es\/wp-content\/uploads\/2024\/02\/Imagen-Acuerdo-UNIR-UECoE.jpg 602w, https:\/\/uecoe.es\/wp-content\/uploads\/2024\/02\/Imagen-Acuerdo-UNIR-UECoE-225x300.jpg 225w, https:\/\/uecoe.es\/wp-content\/uploads\/2024\/02\/Imagen-Acuerdo-UNIR-UECoE-9x12.jpg 9w\" sizes=\"(max-width: 602px) 100vw, 602px\" \/><\/div><\/a>\n\t\t\t\t<div class=\"elementor-post__text\">\n\t\t\t\t<h3 class=\"elementor-post__title\">\n\t\t\t<a href=\"https:\/\/uecoe.es\/en\/formacion\/acuerdo-uecoe\/\" >\n\t\t\t\tAcuerdo UECoE &#8211; UNIR\t\t\t<\/a>\n\t\t<\/h3>\n\t\t\t\t<div class=\"elementor-post__excerpt\">\n\t\t\t<p>La Uni\u00f3n Espa\u00f1ola de Cooperativas de Ense\u00f1anza \u2013 UECoE y la Universidad Internacional de La Rioja \u2013 UNIR han renovado su acuerdo de colaboraci\u00f3n con el objetivo de promover la formaci\u00f3n de los profesionales en el sector de la Educaci\u00f3n, en este caso, docentes y no docentes pertenecientes a las<\/p>\n\t\t<\/div>\n\t\t\n\t\t<a class=\"elementor-post__read-more\" href=\"https:\/\/uecoe.es\/en\/formacion\/acuerdo-uecoe\/\" aria-label=\"Read more about Acuerdo UECoE &#8211; UNIR\" tabindex=\"-1\" >\n\t\t\tLeer m\u00e1s \u00bb\t\t<\/a>\n\n\t\t\t\t<\/div>\n\t\t\t\t<div class=\"elementor-post__meta-data\">\n\t\t\t\t\t<span class=\"elementor-post-date\">\n\t\t\tFebruary 12, 2024\t\t<\/span>\n\t\t\t\t<span class=\"elementor-post-avatar\">\n\t\t\tNo Comments\t\t<\/span>\n\t\t\t\t<\/div>\n\t\t\t\t\t<\/div>\n\t\t<\/article>\n\t\t\t\t<article class=\"elementor-post elementor-grid-item post-2734 formacion type-formacion status-publish has-post-thumbnail hentry\" role=\"listitem\">\n\t\t\t<div class=\"elementor-post__card\">\n\t\t\t\t<a class=\"elementor-post__thumbnail__link\" href=\"https:\/\/uecoe.es\/en\/formacion\/formacion-test\/\" tabindex=\"-1\" ><div class=\"elementor-post__thumbnail\"><img decoding=\"async\" width=\"419\" height=\"280\" src=\"https:\/\/uecoe.es\/wp-content\/uploads\/2024\/02\/Imagen-La-Transformacion-Digital-de-la-Economia-Social.jpg\" class=\"attachment-large size-large wp-image-2912\" alt=\"Imagen La Transformacion Digital de la Economia Social\" srcset=\"https:\/\/uecoe.es\/wp-content\/uploads\/2024\/02\/Imagen-La-Transformacion-Digital-de-la-Economia-Social.jpg 419w, https:\/\/uecoe.es\/wp-content\/uploads\/2024\/02\/Imagen-La-Transformacion-Digital-de-la-Economia-Social-300x200.jpg 300w, https:\/\/uecoe.es\/wp-content\/uploads\/2024\/02\/Imagen-La-Transformacion-Digital-de-la-Economia-Social-18x12.jpg 18w\" sizes=\"(max-width: 419px) 100vw, 419px\" \/><\/div><\/a>\n\t\t\t\t<div class=\"elementor-post__text\">\n\t\t\t\t<h3 class=\"elementor-post__title\">\n\t\t\t<a href=\"https:\/\/uecoe.es\/en\/formacion\/formacion-test\/\" >\n\t\t\t\tLa Transformaci\u00f3n Digital de la Econom\u00eda Social\t\t\t<\/a>\n\t\t<\/h3>\n\t\t\t\t<div class=\"elementor-post__excerpt\">\n\t\t\t<p>UECoE facilita 7 acciones formativas en competencias digitales a las personas trabajadoras de la econom\u00eda social. UECoE colabora con ILUNION Capital Humano en el proyecto de formaci\u00f3n en competencias digitales desarrollado por FUNDAE, dirigido a las personas trabajadoras de las Cooperativas de Ense\u00f1anza, de la econom\u00eda social que quieren mejorar<\/p>\n\t\t<\/div>\n\t\t\n\t\t<a class=\"elementor-post__read-more\" href=\"https:\/\/uecoe.es\/en\/formacion\/formacion-test\/\" aria-label=\"Read more about La Transformaci\u00f3n Digital de la Econom\u00eda Social\" tabindex=\"-1\" >\n\t\t\tLeer m\u00e1s \u00bb\t\t<\/a>\n\n\t\t\t\t<\/div>\n\t\t\t\t<div class=\"elementor-post__meta-data\">\n\t\t\t\t\t<span class=\"elementor-post-date\">\n\t\t\tFebruary 6, 2024\t\t<\/span>\n\t\t\t\t<span class=\"elementor-post-avatar\">\n\t\t\tNo Comments\t\t<\/span>\n\t\t\t\t<\/div>\n\t\t\t\t\t<\/div>\n\t\t<\/article>\n\t\t\t\t<\/div>\n\t\t\n\t\t\t\t\t\t<\/div>\n\t\t\t\t<\/div>\n\t\t\t\t\t<\/div>\n\t\t<\/div>\n\t\t\t\t\t<\/div>\n\t\t<\/section>\n\t\t\t\t<section class=\"elementor-section elementor-top-section elementor-element elementor-element-66319a9 elementor-section-stretched elementor-section-boxed elementor-section-height-default elementor-section-height-default\" data-id=\"66319a9\" data-element_type=\"section\" data-e-type=\"section\" data-settings=\"{&quot;background_background&quot;:&quot;classic&quot;,&quot;stretch_section&quot;:&quot;section-stretched&quot;}\">\n\t\t\t\t\t\t\t<div class=\"elementor-background-overlay\"><\/div>\n\t\t\t\t\t\t\t<div class=\"elementor-container elementor-column-gap-default\">\n\t\t\t\t\t<div class=\"elementor-column elementor-col-50 elementor-top-column elementor-element elementor-element-6110b1a\" data-id=\"6110b1a\" data-element_type=\"column\" data-e-type=\"column\">\n\t\t\t<div class=\"elementor-widget-wrap elementor-element-populated\">\n\t\t\t\t\t\t<div class=\"elementor-element elementor-element-0920521 elementor-widget elementor-widget-heading\" data-id=\"0920521\" data-element_type=\"widget\" data-e-type=\"widget\" data-widget_type=\"heading.default\">\n\t\t\t\t<div class=\"elementor-widget-container\">\n\t\t\t\t\t<h2 class=\"elementor-heading-title elementor-size-default\">Contacta con nosotros para tener m\u00e1s informaci\u00f3n de lo que hacemos.<\/h2>\t\t\t\t<\/div>\n\t\t\t\t<\/div>\n\t\t\t\t\t<\/div>\n\t\t<\/div>\n\t\t\t\t<div class=\"elementor-column elementor-col-50 elementor-top-column elementor-element elementor-element-76645a3\" data-id=\"76645a3\" data-element_type=\"column\" data-e-type=\"column\">\n\t\t\t<div class=\"elementor-widget-wrap elementor-element-populated\">\n\t\t\t\t\t\t<div class=\"elementor-element elementor-element-6e572c2 elementor-align-right elementor-widget elementor-widget-button\" data-id=\"6e572c2\" data-element_type=\"widget\" data-e-type=\"widget\" data-widget_type=\"button.default\">\n\t\t\t\t<div class=\"elementor-widget-container\">\n\t\t\t\t\t\t\t\t\t<div class=\"elementor-button-wrapper\">\n\t\t\t\t\t<a class=\"elementor-button elementor-button-link elementor-size-md\" href=\"\/en\/contacto\/\">\n\t\t\t\t\t\t<span class=\"elementor-button-content-wrapper\">\n\t\t\t\t\t\t\t\t\t<span class=\"elementor-button-text\">Contactar<\/span>\n\t\t\t\t\t<\/span>\n\t\t\t\t\t<\/a>\n\t\t\t\t<\/div>\n\t\t\t\t\t\t\t\t<\/div>\n\t\t\t\t<\/div>\n\t\t\t\t\t<\/div>\n\t\t<\/div>\n\t\t\t\t\t<\/div>\n\t\t<\/section>\n\t\t\t\t<\/div>","protected":false},"excerpt":{"rendered":"<p>\u00c1rea de formaci\u00f3n Contacta con nosotros para tener m\u00e1s informaci\u00f3n de lo que hacemos. Contactar<\/p>","protected":false},"author":6,"featured_media":0,"parent":0,"menu_order":0,"comment_status":"closed","ping_status":"closed","template":"","meta":{"footnotes":""},"class_list":["post-1653","page","type-page","status-publish","hentry"],"_links":{"self":[{"href":"https:\/\/uecoe.es\/en\/wp-json\/wp\/v2\/pages\/1653","targetHints":{"allow":["GET"]}}],"collection":[{"href":"https:\/\/uecoe.es\/en\/wp-json\/wp\/v2\/pages"}],"about":[{"href":"https:\/\/uecoe.es\/en\/wp-json\/wp\/v2\/types\/page"}],"author":[{"embeddable":true,"href":"https:\/\/uecoe.es\/en\/wp-json\/wp\/v2\/users\/6"}],"replies":[{"embeddable":true,"href":"https:\/\/uecoe.es\/en\/wp-json\/wp\/v2\/comments?post=1653"}],"version-history":[{"count":43,"href":"https:\/\/uecoe.es\/en\/wp-json\/wp\/v2\/pages\/1653\/revisions"}],"predecessor-version":[{"id":2974,"href":"https:\/\/uecoe.es\/en\/wp-json\/wp\/v2\/pages\/1653\/revisions\/2974"}],"wp:attachment":[{"href":"https:\/\/uecoe.es\/en\/wp-json\/wp\/v2\/media?parent=1653"}],"curies":[{"name":"wp","href":"https:\/\/api.w.org\/{rel}","templated":true}]}}