{"id":1772,"date":"2023-11-20T23:17:32","date_gmt":"2023-11-20T23:17:32","guid":{"rendered":"https:\/\/uecoe.es\/?page_id=1772"},"modified":"2025-11-26T09:36:38","modified_gmt":"2025-11-26T09:36:38","slug":"asturias","status":"publish","type":"page","link":"https:\/\/uecoe.es\/en\/asociados\/asturias\/","title":{"rendered":"asturias"},"content":{"rendered":"<div data-elementor-type=\"wp-page\" data-elementor-id=\"1772\" class=\"elementor elementor-1772\" data-elementor-post-type=\"page\">\n\t\t\t\t\t\t<section class=\"elementor-section elementor-top-section elementor-element elementor-element-0c6c36f elementor-section-boxed elementor-section-height-default elementor-section-height-default\" data-id=\"0c6c36f\" data-element_type=\"section\" data-e-type=\"section\">\n\t\t\t\t\t\t<div class=\"elementor-container elementor-column-gap-default\">\n\t\t\t\t\t<div class=\"elementor-column elementor-col-100 elementor-top-column elementor-element elementor-element-d2164ae\" data-id=\"d2164ae\" data-element_type=\"column\" data-e-type=\"column\">\n\t\t\t<div class=\"elementor-widget-wrap elementor-element-populated\">\n\t\t\t\t\t\t<section class=\"elementor-section elementor-inner-section elementor-element elementor-element-5e9d9c6 elementor-section-boxed elementor-section-height-default elementor-section-height-default\" data-id=\"5e9d9c6\" data-element_type=\"section\" data-e-type=\"section\">\n\t\t\t\t\t\t<div class=\"elementor-container elementor-column-gap-default\">\n\t\t\t\t\t<div class=\"elementor-column elementor-col-50 elementor-inner-column elementor-element elementor-element-295d2ca\" data-id=\"295d2ca\" data-element_type=\"column\" data-e-type=\"column\">\n\t\t\t<div class=\"elementor-widget-wrap elementor-element-populated\">\n\t\t\t\t\t\t<div class=\"elementor-element elementor-element-6d2dc91 elementor-widget__width-inherit elementor-widget elementor-widget-shortcode\" data-id=\"6d2dc91\" data-element_type=\"widget\" data-e-type=\"widget\" data-widget_type=\"shortcode.default\">\n\t\t\t\t<div class=\"elementor-widget-container\">\n\t\t\t\t\t\t\t<div class=\"elementor-shortcode\"><div class=\"map_wrapper\" id=\"map_wrapper_1770\">\n<div class=\"map_box\" style=\"max-width:1600px\">\n<div class=\"map_aspect_ratio\" style=\"padding-top:90%\" data-padding-top=\"90%\" data-padding-top-mobile=\"0%\">\n<div class=\"map_container\">\n<div class=\"map_render map_loading\" id=\"map_1770\"><\/div>\n<\/div>\n<\/div>\n<\/div>\n<\/div><\/div>\n\t\t\t\t\t\t<\/div>\n\t\t\t\t<\/div>\n\t\t\t\t\t<\/div>\n\t\t<\/div>\n\t\t\t\t<div class=\"elementor-column elementor-col-50 elementor-inner-column elementor-element elementor-element-83a8acf\" data-id=\"83a8acf\" data-element_type=\"column\" data-e-type=\"column\">\n\t\t\t<div class=\"elementor-widget-wrap elementor-element-populated\">\n\t\t\t\t\t\t<div class=\"elementor-element elementor-element-82d14da elementor-widget elementor-widget-text-editor\" data-id=\"82d14da\" data-element_type=\"widget\" data-e-type=\"widget\" data-widget_type=\"text-editor.default\">\n\t\t\t\t<div class=\"elementor-widget-container\">\n\t\t\t\t\t\t\t\t\t<h5><strong>ACESPA &#8211; Asociaci\u00f3n de Centros Educativos de Econom\u00eda Social del Principado de Asturias<\/strong> &nbsp;<img fetchpriority=\"high\" decoding=\"async\" id=\"longdesc-return-3165\" class=\"wp-image-3165 aligncenter\" tabindex=\"-1\" title=\"ACESPA (5)\" src=\"https:\/\/uecoe.endesys.net\/wp-content\/uploads\/2024\/04\/ACESPA-5-300x300.png\" alt=\"ACESPA (5)\" width=\"278\" height=\"278\" longdesc=\"https:\/\/uecoe.endesys.net?longdesc=3165&amp;referrer=0\" srcset=\"https:\/\/uecoe.es\/wp-content\/uploads\/2024\/04\/ACESPA-5-300x300.png 300w, https:\/\/uecoe.es\/wp-content\/uploads\/2024\/04\/ACESPA-5-150x150.png 150w, https:\/\/uecoe.es\/wp-content\/uploads\/2024\/04\/ACESPA-5-12x12.png 12w, https:\/\/uecoe.es\/wp-content\/uploads\/2024\/04\/ACESPA-5.png 500w\" sizes=\"(max-width: 278px) 100vw, 278px\" \/><\/h5>\n<p><strong>Direcci\u00f3n de la organizaci\u00f3n<\/strong>&nbsp; &nbsp; &nbsp; &nbsp; &nbsp; &nbsp; &nbsp; &nbsp; &nbsp; &nbsp; &nbsp; &nbsp; &nbsp; &nbsp; &nbsp; &nbsp; &nbsp; &nbsp; &nbsp; &nbsp; &nbsp; &nbsp; &nbsp; &nbsp; &nbsp; &nbsp; &nbsp; &nbsp; &nbsp; &nbsp; &nbsp; &nbsp; &nbsp; &nbsp; &nbsp; &nbsp; &nbsp; Calle Aserradores, s\/n,&nbsp; 2\u00ba &#8211; Ed. Las Palmeras&nbsp; &nbsp; &nbsp; &nbsp; &nbsp; &nbsp; &nbsp; &nbsp; &nbsp; &nbsp; &nbsp; &nbsp; &nbsp; &nbsp; &nbsp; &nbsp; &nbsp; &nbsp; &nbsp; &nbsp; &nbsp; &nbsp; &nbsp; &nbsp; &nbsp; &nbsp; 33211 &#8211; Roces-Gij\u00f3n Asturias<\/p>\n<p><strong>Tel\u00e9fono:<\/strong> 985359817<\/p>\n<p><strong>Persona de contacto\/Consejero:&nbsp;<\/strong>&nbsp;Susana Bedia Alonso<\/p>\t\t\t\t\t\t\t\t<\/div>\n\t\t\t\t<\/div>\n\t\t\t\t\t<\/div>\n\t\t<\/div>\n\t\t\t\t\t<\/div>\n\t\t<\/section>\n\t\t\t\t\t<\/div>\n\t\t<\/div>\n\t\t\t\t\t<\/div>\n\t\t<\/section>\n\t\t\t\t<section class=\"elementor-section elementor-top-section elementor-element elementor-element-9967d1a elementor-section-boxed elementor-section-height-default elementor-section-height-default\" data-id=\"9967d1a\" data-element_type=\"section\" data-e-type=\"section\">\n\t\t\t\t\t\t<div class=\"elementor-container elementor-column-gap-default\">\n\t\t\t\t\t<div class=\"elementor-column elementor-col-100 elementor-top-column elementor-element elementor-element-5aca77b\" data-id=\"5aca77b\" data-element_type=\"column\" data-e-type=\"column\">\n\t\t\t<div class=\"elementor-widget-wrap elementor-element-populated\">\n\t\t\t\t\t\t\t<\/div>\n\t\t<\/div>\n\t\t\t\t\t<\/div>\n\t\t<\/section>\n\t\t\t\t<\/div>","protected":false},"excerpt":{"rendered":"<p>ACESPA &#8211; Asociaci\u00f3n de Centros Educativos de Econom\u00eda Social del Principado de Asturias &nbsp; Direcci\u00f3n de la organizaci\u00f3n&nbsp; &nbsp; &nbsp; &nbsp; &nbsp; &nbsp; &nbsp; &nbsp; &nbsp; &nbsp; &nbsp; &nbsp; &nbsp; &nbsp; &nbsp; &nbsp; &nbsp; &nbsp; &nbsp; &nbsp; &nbsp; &nbsp; &nbsp; &nbsp; &nbsp; &nbsp; &nbsp; &nbsp; &nbsp; &nbsp; &nbsp; &nbsp; &nbsp; &nbsp; &nbsp; &nbsp; &nbsp; Calle &#8230; <a title=\"asturias\" class=\"read-more\" href=\"https:\/\/uecoe.es\/en\/asociados\/asturias\/\" aria-label=\"Read more about asturias\">Read more<\/a><\/p>","protected":false},"author":6,"featured_media":0,"parent":1479,"menu_order":0,"comment_status":"closed","ping_status":"closed","template":"","meta":{"footnotes":""},"class_list":["post-1772","page","type-page","status-publish"],"_links":{"self":[{"href":"https:\/\/uecoe.es\/en\/wp-json\/wp\/v2\/pages\/1772","targetHints":{"allow":["GET"]}}],"collection":[{"href":"https:\/\/uecoe.es\/en\/wp-json\/wp\/v2\/pages"}],"about":[{"href":"https:\/\/uecoe.es\/en\/wp-json\/wp\/v2\/types\/page"}],"author":[{"embeddable":true,"href":"https:\/\/uecoe.es\/en\/wp-json\/wp\/v2\/users\/6"}],"replies":[{"embeddable":true,"href":"https:\/\/uecoe.es\/en\/wp-json\/wp\/v2\/comments?post=1772"}],"version-history":[{"count":37,"href":"https:\/\/uecoe.es\/en\/wp-json\/wp\/v2\/pages\/1772\/revisions"}],"predecessor-version":[{"id":4317,"href":"https:\/\/uecoe.es\/en\/wp-json\/wp\/v2\/pages\/1772\/revisions\/4317"}],"up":[{"embeddable":true,"href":"https:\/\/uecoe.es\/en\/wp-json\/wp\/v2\/pages\/1479"}],"wp:attachment":[{"href":"https:\/\/uecoe.es\/en\/wp-json\/wp\/v2\/media?parent=1772"}],"curies":[{"name":"wp","href":"https:\/\/api.w.org\/{rel}","templated":true}]}}