{"id":1798,"date":"2023-11-21T00:20:14","date_gmt":"2023-11-21T00:20:14","guid":{"rendered":"https:\/\/uecoe.es\/?page_id=1798"},"modified":"2024-04-04T13:18:17","modified_gmt":"2024-04-04T13:18:17","slug":"aragon","status":"publish","type":"page","link":"https:\/\/uecoe.es\/en\/asociados\/aragon\/","title":{"rendered":"aragon"},"content":{"rendered":"<div data-elementor-type=\"wp-page\" data-elementor-id=\"1798\" class=\"elementor elementor-1798\" data-elementor-post-type=\"page\">\n\t\t\t\t\t\t<section class=\"elementor-section elementor-top-section elementor-element elementor-element-c9decf1 elementor-section-boxed elementor-section-height-default elementor-section-height-default\" data-id=\"c9decf1\" data-element_type=\"section\" data-e-type=\"section\">\n\t\t\t\t\t\t<div class=\"elementor-container elementor-column-gap-default\">\n\t\t\t\t\t<div class=\"elementor-column elementor-col-100 elementor-top-column elementor-element elementor-element-7be3cb5\" data-id=\"7be3cb5\" data-element_type=\"column\" data-e-type=\"column\">\n\t\t\t<div class=\"elementor-widget-wrap elementor-element-populated\">\n\t\t\t\t\t\t<section class=\"elementor-section elementor-inner-section elementor-element elementor-element-e829d6b elementor-section-boxed elementor-section-height-default elementor-section-height-default\" data-id=\"e829d6b\" data-element_type=\"section\" data-e-type=\"section\">\n\t\t\t\t\t\t<div class=\"elementor-container elementor-column-gap-default\">\n\t\t\t\t\t<div class=\"elementor-column elementor-col-50 elementor-inner-column elementor-element elementor-element-b41d704\" data-id=\"b41d704\" data-element_type=\"column\" data-e-type=\"column\">\n\t\t\t<div class=\"elementor-widget-wrap elementor-element-populated\">\n\t\t\t\t\t\t<div class=\"elementor-element elementor-element-60027a7 elementor-widget__width-inherit elementor-widget elementor-widget-shortcode\" data-id=\"60027a7\" data-element_type=\"widget\" data-e-type=\"widget\" data-widget_type=\"shortcode.default\">\n\t\t\t\t<div class=\"elementor-widget-container\">\n\t\t\t\t\t\t\t<div class=\"elementor-shortcode\"><div class=\"map_wrapper\" id=\"map_wrapper_1770\">\n<div class=\"map_box\" style=\"max-width:1600px\">\n<div class=\"map_aspect_ratio\" style=\"padding-top:90%\" data-padding-top=\"90%\" data-padding-top-mobile=\"0%\">\n<div class=\"map_container\">\n<div class=\"map_render map_loading\" id=\"map_1770\"><\/div>\n<\/div>\n<\/div>\n<\/div>\n<\/div><\/div>\n\t\t\t\t\t\t<\/div>\n\t\t\t\t<\/div>\n\t\t\t\t\t<\/div>\n\t\t<\/div>\n\t\t\t\t<div class=\"elementor-column elementor-col-50 elementor-inner-column elementor-element elementor-element-0d4af1b\" data-id=\"0d4af1b\" data-element_type=\"column\" data-e-type=\"column\">\n\t\t\t<div class=\"elementor-widget-wrap elementor-element-populated\">\n\t\t\t\t\t\t<div class=\"elementor-element elementor-element-eae61b0 elementor-widget elementor-widget-text-editor\" data-id=\"eae61b0\" data-element_type=\"widget\" data-e-type=\"widget\" data-widget_type=\"text-editor.default\">\n\t\t\t\t<div class=\"elementor-widget-container\">\n\t\t\t\t\t\t\t\t\t<h3><strong>Agrupaci\u00f3n de Cooperativas de Ense\u00f1anza de Arag\u00f3n (UCEA)<\/strong><\/h3><p><strong>\u00a0<a class=\"dt-single-image\" href=\"http:\/\/uecoe.es\/wp-content\/uploads\/2016\/04\/aragon.jpg\" data-dt-img-description=\"\"><img fetchpriority=\"high\" decoding=\"async\" class=\"size-medium wp-image-335 aligncenter\" src=\"http:\/\/uecoe.es\/wp-content\/uploads\/2016\/04\/aragon-228x300.jpg\" alt=\"aragon\" width=\"228\" height=\"300\" \/><\/a><\/strong><\/p><p><strong>Direcci\u00f3n de la Organizaci\u00f3n\u00a0 \u00a0 \u00a0 \u00a0 \u00a0 \u00a0 \u00a0 \u00a0 \u00a0 \u00a0 \u00a0 \u00a0 \u00a0 \u00a0 \u00a0 \u00a0 \u00a0 \u00a0 \u00a0 \u00a0 \u00a0 \u00a0 \u00a0 \u00a0 \u00a0 \u00a0 \u00a0 \u00a0 \u00a0 \u00a0 \u00a0 \u00a0 \u00a0 \u00a0 \u00a0 \u00a0<\/strong>UCEA\u00a0 \u00a0 \u00a0 \u00a0 \u00a0 \u00a0 \u00a0 \u00a0 \u00a0 \u00a0 \u00a0 \u00a0 \u00a0 \u00a0 \u00a0 \u00a0 \u00a0 \u00a0 \u00a0 \u00a0 \u00a0 \u00a0 \u00a0 \u00a0 \u00a0 \u00a0 \u00a0 \u00a0 \u00a0 \u00a0 \u00a0 \u00a0 \u00a0 \u00a0 \u00a0 \u00a0 \u00a0 \u00a0 \u00a0 \u00a0 \u00a0 \u00a0 \u00a0 \u00a0 \u00a0 \u00a0 \u00a0 \u00a0 \u00a0 \u00a0 \u00a0 \u00a0 \u00a0 \u00a0Alfonso Zapater Cerd\u00e1n, n\u00ba 21\u00a0 \u00a0 \u00a0 \u00a0 \u00a0 \u00a0 \u00a0 \u00a0 \u00a0 \u00a0 \u00a0 \u00a0 \u00a0 \u00a0 \u00a0 \u00a0 \u00a0 \u00a0 \u00a0 \u00a0 \u00a0 \u00a0 \u00a0 \u00a0 \u00a0 \u00a0 \u00a0 \u00a0 \u00a0 \u00a0 \u00a0 \u00a0 \u00a0 \u00a0 \u00a0 \u00a050014- Zaragoza<\/p><p><strong>Telf.:<\/strong> 976-396619\u00a0<\/p><p><strong>E-Mail<\/strong>: vicentefiol@ojanguren.es<\/p><p><strong>Persona de contacto\/Consejero: <\/strong>Vicente Fiol Ojanguren<\/p><p><strong>\u00a0<\/strong><strong>Misi\u00f3n<\/strong><\/p><ul><li>Representar y defender los intereses de las Cooperativas de Ense\u00f1anza de Arag\u00f3n.<\/li><li>Fomentar la creaci\u00f3n de cooperativas de ense\u00f1anza.<\/li><\/ul><p><strong>Servicios que se ofertan<\/strong><\/p><ul><li><strong>Informaci\u00f3n<\/strong> general de temas educativos y laborales.<\/li><li><strong>Representaci\u00f3n<\/strong> ante las Administraci\u00f3n de Trabajo y educativa.<\/li><li><strong>Coordinaci\u00f3n y organizaci\u00f3n <\/strong>de actividades conjuntas de las cooperativas : Cursos, jornadas, actividades de ocio y tiempo libre.<\/li><\/ul><p><strong>Tipo de centros que la componen<\/strong><\/p><p>Cooperativas de trabajo Asociado de Ense\u00f1anza que imparten Educaci\u00f3n Infantil, Educaci\u00f3n Primaria y Educaci\u00f3n Secundaria Obligatoria y ofertan actividades complementarias y extraescolares, as\u00ed como ocio, tiempo libre y medioambientales.<\/p><p><strong>Datos de inter\u00e9s\u00a0 \u00a0 \u00a0 \u00a0 \u00a0 \u00a0 \u00a0 \u00a0 \u00a0 \u00a0 \u00a0 \u00a0 \u00a0 \u00a0 \u00a0 \u00a0 \u00a0 \u00a0 \u00a0 \u00a0 \u00a0 \u00a0 \u00a0 \u00a0 \u00a0 \u00a0 \u00a0 \u00a0 \u00a0 \u00a0 \u00a0 \u00a0 \u00a0 \u00a0 \u00a0 \u00a0 \u00a0 \u00a0 \u00a0 \u00a0 \u00a0 \u00a0 \u00a0 \u00a0 \u00a0 \u00a0 \u00a0 \u00a0 <\/strong>Por imperativo legal, la totalidad de las Cooperativas de Ense\u00f1anza de Arag\u00f3n se agrupan de hecho para conseguir, de forma intercooperativa, todos los objetivos comunes a los centros, formando parte todas y cada una de las Sociedades de la Uni\u00f3n Espa\u00f1ola de Cooperativas de Ense\u00f1anza .<\/p><p>Alguna de las Sociedades Cooperativas integradas, desarrolla actividades medioambientales, de ocio y tiempo libre en el Pirineo Aragon\u00e9s dirigidas a la totalidad del colectivo educativo y a la sociedad en general.<\/p>\t\t\t\t\t\t\t\t<\/div>\n\t\t\t\t<\/div>\n\t\t\t\t\t<\/div>\n\t\t<\/div>\n\t\t\t\t\t<\/div>\n\t\t<\/section>\n\t\t\t\t\t<\/div>\n\t\t<\/div>\n\t\t\t\t\t<\/div>\n\t\t<\/section>\n\t\t\t\t<\/div>","protected":false},"excerpt":{"rendered":"<p>Agrupaci\u00f3n de Cooperativas de Ense\u00f1anza de Arag\u00f3n (UCEA) \u00a0 Direcci\u00f3n de la Organizaci\u00f3n\u00a0 \u00a0 \u00a0 \u00a0 \u00a0 \u00a0 \u00a0 \u00a0 \u00a0 \u00a0 \u00a0 \u00a0 \u00a0 \u00a0 \u00a0 \u00a0 \u00a0 \u00a0 \u00a0 \u00a0 \u00a0 \u00a0 \u00a0 \u00a0 \u00a0 \u00a0 \u00a0 \u00a0 \u00a0 \u00a0 \u00a0 \u00a0 \u00a0 \u00a0 \u00a0 \u00a0UCEA\u00a0 \u00a0 \u00a0 \u00a0 \u00a0 \u00a0 \u00a0 \u00a0 &#8230; <a title=\"aragon\" class=\"read-more\" href=\"https:\/\/uecoe.es\/en\/asociados\/aragon\/\" aria-label=\"Read more about aragon\">Read more<\/a><\/p>","protected":false},"author":6,"featured_media":0,"parent":1479,"menu_order":0,"comment_status":"closed","ping_status":"closed","template":"","meta":{"footnotes":""},"class_list":["post-1798","page","type-page","status-publish"],"_links":{"self":[{"href":"https:\/\/uecoe.es\/en\/wp-json\/wp\/v2\/pages\/1798","targetHints":{"allow":["GET"]}}],"collection":[{"href":"https:\/\/uecoe.es\/en\/wp-json\/wp\/v2\/pages"}],"about":[{"href":"https:\/\/uecoe.es\/en\/wp-json\/wp\/v2\/types\/page"}],"author":[{"embeddable":true,"href":"https:\/\/uecoe.es\/en\/wp-json\/wp\/v2\/users\/6"}],"replies":[{"embeddable":true,"href":"https:\/\/uecoe.es\/en\/wp-json\/wp\/v2\/comments?post=1798"}],"version-history":[{"count":17,"href":"https:\/\/uecoe.es\/en\/wp-json\/wp\/v2\/pages\/1798\/revisions"}],"predecessor-version":[{"id":4316,"href":"https:\/\/uecoe.es\/en\/wp-json\/wp\/v2\/pages\/1798\/revisions\/4316"}],"up":[{"embeddable":true,"href":"https:\/\/uecoe.es\/en\/wp-json\/wp\/v2\/pages\/1479"}],"wp:attachment":[{"href":"https:\/\/uecoe.es\/en\/wp-json\/wp\/v2\/media?parent=1798"}],"curies":[{"name":"wp","href":"https:\/\/api.w.org\/{rel}","templated":true}]}}