{"id":1838,"date":"2023-11-21T00:40:52","date_gmt":"2023-11-21T00:40:52","guid":{"rendered":"https:\/\/uecoe.es\/?page_id=1838"},"modified":"2024-04-16T12:57:22","modified_gmt":"2024-04-16T12:57:22","slug":"cantabria","status":"publish","type":"page","link":"https:\/\/uecoe.es\/en\/asociados\/cantabria\/","title":{"rendered":"cantabria"},"content":{"rendered":"<div data-elementor-type=\"wp-page\" data-elementor-id=\"1838\" class=\"elementor elementor-1838\" data-elementor-post-type=\"page\">\n\t\t\t\t\t\t<section class=\"elementor-section elementor-top-section elementor-element elementor-element-86f4e89 elementor-section-boxed elementor-section-height-default elementor-section-height-default\" data-id=\"86f4e89\" data-element_type=\"section\" data-e-type=\"section\">\n\t\t\t\t\t\t<div class=\"elementor-container elementor-column-gap-default\">\n\t\t\t\t\t<div class=\"elementor-column elementor-col-100 elementor-top-column elementor-element elementor-element-2f49fe9\" data-id=\"2f49fe9\" data-element_type=\"column\" data-e-type=\"column\">\n\t\t\t<div class=\"elementor-widget-wrap elementor-element-populated\">\n\t\t\t\t\t\t<section class=\"elementor-section elementor-inner-section elementor-element elementor-element-0f9d154 elementor-section-boxed elementor-section-height-default elementor-section-height-default\" data-id=\"0f9d154\" data-element_type=\"section\" data-e-type=\"section\">\n\t\t\t\t\t\t<div class=\"elementor-container elementor-column-gap-default\">\n\t\t\t\t\t<div class=\"elementor-column elementor-col-50 elementor-inner-column elementor-element elementor-element-d8bd0ff\" data-id=\"d8bd0ff\" data-element_type=\"column\" data-e-type=\"column\">\n\t\t\t<div class=\"elementor-widget-wrap elementor-element-populated\">\n\t\t\t\t\t\t<div class=\"elementor-element elementor-element-1fe0b59 elementor-widget__width-inherit elementor-widget elementor-widget-shortcode\" data-id=\"1fe0b59\" data-element_type=\"widget\" data-e-type=\"widget\" data-widget_type=\"shortcode.default\">\n\t\t\t\t<div class=\"elementor-widget-container\">\n\t\t\t\t\t\t\t<div class=\"elementor-shortcode\"><div class=\"map_wrapper\" id=\"map_wrapper_1770\">\n<div class=\"map_box\" style=\"max-width:1600px\">\n<div class=\"map_aspect_ratio\" style=\"padding-top:90%\" data-padding-top=\"90%\" data-padding-top-mobile=\"0%\">\n<div class=\"map_container\">\n<div class=\"map_render map_loading\" id=\"map_1770\"><\/div>\n<\/div>\n<\/div>\n<\/div>\n<\/div><\/div>\n\t\t\t\t\t\t<\/div>\n\t\t\t\t<\/div>\n\t\t\t\t\t<\/div>\n\t\t<\/div>\n\t\t\t\t<div class=\"elementor-column elementor-col-50 elementor-inner-column elementor-element elementor-element-158c4da\" data-id=\"158c4da\" data-element_type=\"column\" data-e-type=\"column\">\n\t\t\t<div class=\"elementor-widget-wrap elementor-element-populated\">\n\t\t\t\t\t\t<div class=\"elementor-element elementor-element-c73f259 elementor-widget elementor-widget-text-editor\" data-id=\"c73f259\" data-element_type=\"widget\" data-e-type=\"widget\" data-widget_type=\"text-editor.default\">\n\t\t\t\t<div class=\"elementor-widget-container\">\n\t\t\t\t\t\t\t\t\t<h3><strong>Asociaci\u00f3n de Centros\u00a0 de Ense\u00f1anza de la Econom\u00eda Social de Cantabria (ACES Cantabria)<\/strong><\/h3><h3><a class=\"dt-pswp-item\" href=\"https:\/\/uecoe.endesys.net\/wp-content\/uploads\/2018\/02\/ACES-Cantabria-Logo.png\" data-dt-img-description=\"\" data-large_image_width=\"363\" data-large_image_height=\"552\"><img decoding=\"async\" class=\"wp-image-1239 aligncenter\" src=\"https:\/\/uecoe.endesys.net\/wp-content\/uploads\/2018\/02\/ACES-Cantabria-Logo-197x300.png\" alt=\"\" width=\"127\" height=\"194\" \/><\/a><\/h3><p><strong>Direcci\u00f3n de la Organizaci\u00f3n\u00a0 \u00a0 \u00a0 \u00a0 \u00a0 \u00a0 \u00a0 \u00a0 \u00a0 \u00a0 \u00a0 \u00a0 \u00a0 \u00a0 \u00a0 \u00a0 \u00a0 \u00a0 \u00a0 \u00a0 \u00a0 \u00a0 \u00a0 \u00a0 \u00a0 \u00a0 \u00a0 \u00a0 \u00a0 \u00a0 \u00a0 \u00a0 \u00a0 \u00a0 \u00a0 \u00a0 <\/strong>ACES Cantabria\u00a0 \u00a0 \u00a0 \u00a0 \u00a0 \u00a0 \u00a0 \u00a0 \u00a0 \u00a0 \u00a0 \u00a0 \u00a0 \u00a0 \u00a0 \u00a0 \u00a0 \u00a0 \u00a0 \u00a0 \u00a0 \u00a0 \u00a0 \u00a0 \u00a0 \u00a0 \u00a0 \u00a0 \u00a0 \u00a0 \u00a0 \u00a0 \u00a0 \u00a0 \u00a0 \u00a0 \u00a0 \u00a0 \u00a0 \u00a0 \u00a0 \u00a0 \u00a0 \u00a0 \u00a0 \u00a0 \u00a0 \u00a0 \u00a0 \u00a0 C\/ La Llanilla, 102\u00a0 \u00a0 \u00a0 \u00a0 \u00a0 \u00a0 \u00a0 \u00a0 \u00a0 \u00a0 \u00a0 \u00a0 \u00a0 \u00a0 \u00a0 \u00a0 \u00a0 \u00a0 \u00a0 \u00a0 \u00a0 \u00a0 \u00a0 \u00a0 \u00a0 \u00a0 \u00a0 \u00a0 \u00a0 \u00a0 \u00a0 \u00a0 \u00a0 \u00a0 \u00a0 \u00a0 \u00a0 \u00a0 \u00a0 \u00a0 \u00a0 \u00a0 \u00a0 \u00a0 \u00a0 \u00a0 39012 Santander<\/p><p><strong>Tfno.<\/strong>: 942-893767<\/p><p><strong>E-Mail<\/strong>: <a href=\"mailto:acescantabria@gmail.com\">acescantabria@gmail.com<\/a><\/p><p><strong>Web:<\/strong> <a href=\"http:\/\/acescantabria.com\">http:\/\/acescantabria.com<\/a><\/p><p><strong>Persona de contacto\/Consejero:\u00a0 <\/strong>Juan Pastor Fern\u00e1ndez<\/p><p><strong>Misi\u00f3n\u00a0 \u00a0 \u00a0 \u00a0 \u00a0 \u00a0 \u00a0 \u00a0 \u00a0 \u00a0 \u00a0 \u00a0 \u00a0 \u00a0 \u00a0 \u00a0 \u00a0 \u00a0 \u00a0 \u00a0 \u00a0 \u00a0 \u00a0 \u00a0 \u00a0 \u00a0 \u00a0 \u00a0 \u00a0 \u00a0 \u00a0 \u00a0 \u00a0 \u00a0 \u00a0 \u00a0 \u00a0 \u00a0 \u00a0 \u00a0 \u00a0 \u00a0 \u00a0 \u00a0 \u00a0 \u00a0 \u00a0 \u00a0 \u00a0 <\/strong>Representar y defender los intereses de las Cooperativas de Ense\u00f1anza y Centros educativos de Econom\u00eda Social de Cantabria en foros educativos y de trabajo.<\/p><p><strong>Servicios que se ofertan<\/strong><\/p><ul><li>Fomento de la formaci\u00f3n cooperativa de los dirigentes, gestores, socios y trabajadores de las cooperativas de ense\u00f1anza.<\/li><li>Desarrollar las medidas necesarias para hacer efectiva la ense\u00f1anza del cooperativismo y de sus principios en todos los niveles educativos de los centros docentes, a trav\u00e9s de programas de educaci\u00f3n emprendedora colectiva.<\/li><li>Informaci\u00f3n general de temas educativos y laborales.<\/li><li>Representaci\u00f3n ante las Administraci\u00f3n de Trabajo y educaci\u00f3n.<\/li><li>Coordinaci\u00f3n y organizaci\u00f3n de actividades conjuntas de las cooperativas: Cursos, encuentros y jornadas.<\/li><\/ul><p><strong>Tipo de centros que la componen\u00a0 \u00a0 \u00a0 \u00a0 \u00a0 \u00a0 \u00a0 \u00a0 \u00a0 \u00a0 \u00a0 \u00a0 \u00a0 \u00a0 \u00a0 \u00a0 \u00a0 \u00a0 \u00a0 \u00a0 \u00a0 \u00a0 \u00a0 \u00a0 \u00a0 <\/strong>Cooperativas de Ense\u00f1anza que imparten Educaci\u00f3n Infantil, Educaci\u00f3n Primaria, Educaci\u00f3n Secundaria Obligatoria, Bachilleres, Educaci\u00f3n Especial y ofertan actividades complementarias y extraescolares.<\/p><ul><li>Colegio Atalaya<\/li><li>Colegio Antonio Robinet<\/li><li>Colegio Atalaya<\/li><li>Colegio El Salvador<\/li><li>Liceo San Juan de la Canal<\/li><li>Centro de Educaci\u00f3n Especial StephaneLupasco<\/li><li>Colegio Mayer<\/li><li>Escuela Infantil Tagore<\/li><li>Colegio Verdemar<\/li><\/ul><p><strong>Datos de inter\u00e9s<\/strong><\/p><ul><li>Forma parte de la Uni\u00f3n Espa\u00f1ola de Cooperativas de Ense\u00f1anza desde octubre de 1989, habiendo sido participe en sus actividades previas a la constituci\u00f3n.<\/li><li>Es importante destacar su inter\u00e9s por el desarrollo de actividades de formaci\u00f3n del profesorado, habiendo organizado Jornadas de participaci\u00f3n a nivel auton\u00f3mico y estatal.<\/li><\/ul>\t\t\t\t\t\t\t\t<\/div>\n\t\t\t\t<\/div>\n\t\t\t\t\t<\/div>\n\t\t<\/div>\n\t\t\t\t\t<\/div>\n\t\t<\/section>\n\t\t\t\t\t<\/div>\n\t\t<\/div>\n\t\t\t\t\t<\/div>\n\t\t<\/section>\n\t\t\t\t<\/div>","protected":false},"excerpt":{"rendered":"<p>Asociaci\u00f3n de Centros\u00a0 de Ense\u00f1anza de la Econom\u00eda Social de Cantabria (ACES Cantabria) Direcci\u00f3n de la Organizaci\u00f3n\u00a0 \u00a0 \u00a0 \u00a0 \u00a0 \u00a0 \u00a0 \u00a0 \u00a0 \u00a0 \u00a0 \u00a0 \u00a0 \u00a0 \u00a0 \u00a0 \u00a0 \u00a0 \u00a0 \u00a0 \u00a0 \u00a0 \u00a0 \u00a0 \u00a0 \u00a0 \u00a0 \u00a0 \u00a0 \u00a0 \u00a0 \u00a0 \u00a0 \u00a0 \u00a0 \u00a0 ACES Cantabria\u00a0 \u00a0 &#8230; <a title=\"cantabria\" class=\"read-more\" href=\"https:\/\/uecoe.es\/en\/asociados\/cantabria\/\" aria-label=\"Read more about cantabria\">Read more<\/a><\/p>","protected":false},"author":6,"featured_media":0,"parent":1479,"menu_order":0,"comment_status":"closed","ping_status":"closed","template":"","meta":{"footnotes":""},"class_list":["post-1838","page","type-page","status-publish"],"_links":{"self":[{"href":"https:\/\/uecoe.es\/en\/wp-json\/wp\/v2\/pages\/1838","targetHints":{"allow":["GET"]}}],"collection":[{"href":"https:\/\/uecoe.es\/en\/wp-json\/wp\/v2\/pages"}],"about":[{"href":"https:\/\/uecoe.es\/en\/wp-json\/wp\/v2\/types\/page"}],"author":[{"embeddable":true,"href":"https:\/\/uecoe.es\/en\/wp-json\/wp\/v2\/users\/6"}],"replies":[{"embeddable":true,"href":"https:\/\/uecoe.es\/en\/wp-json\/wp\/v2\/comments?post=1838"}],"version-history":[{"count":22,"href":"https:\/\/uecoe.es\/en\/wp-json\/wp\/v2\/pages\/1838\/revisions"}],"predecessor-version":[{"id":3404,"href":"https:\/\/uecoe.es\/en\/wp-json\/wp\/v2\/pages\/1838\/revisions\/3404"}],"up":[{"embeddable":true,"href":"https:\/\/uecoe.es\/en\/wp-json\/wp\/v2\/pages\/1479"}],"wp:attachment":[{"href":"https:\/\/uecoe.es\/en\/wp-json\/wp\/v2\/media?parent=1838"}],"curies":[{"name":"wp","href":"https:\/\/api.w.org\/{rel}","templated":true}]}}