{"id":1847,"date":"2023-11-21T00:43:57","date_gmt":"2023-11-21T00:43:57","guid":{"rendered":"https:\/\/uecoe.es\/?page_id=1847"},"modified":"2024-04-04T13:34:56","modified_gmt":"2024-04-04T13:34:56","slug":"castilla-la-mancha","status":"publish","type":"page","link":"https:\/\/uecoe.es\/en\/asociados\/castilla-la-mancha\/","title":{"rendered":"castilla-la-mancha"},"content":{"rendered":"<div data-elementor-type=\"wp-page\" data-elementor-id=\"1847\" class=\"elementor elementor-1847\" data-elementor-post-type=\"page\">\n\t\t\t\t\t\t<section class=\"elementor-section elementor-top-section elementor-element elementor-element-86f4e89 elementor-section-boxed elementor-section-height-default elementor-section-height-default\" data-id=\"86f4e89\" data-element_type=\"section\" data-e-type=\"section\">\n\t\t\t\t\t\t<div class=\"elementor-container elementor-column-gap-default\">\n\t\t\t\t\t<div class=\"elementor-column elementor-col-100 elementor-top-column elementor-element elementor-element-2f49fe9\" data-id=\"2f49fe9\" data-element_type=\"column\" data-e-type=\"column\">\n\t\t\t<div class=\"elementor-widget-wrap elementor-element-populated\">\n\t\t\t\t\t\t<section class=\"elementor-section elementor-inner-section elementor-element elementor-element-0f9d154 elementor-section-boxed elementor-section-height-default elementor-section-height-default\" data-id=\"0f9d154\" data-element_type=\"section\" data-e-type=\"section\">\n\t\t\t\t\t\t<div class=\"elementor-container elementor-column-gap-default\">\n\t\t\t\t\t<div class=\"elementor-column elementor-col-50 elementor-inner-column elementor-element elementor-element-d8bd0ff\" data-id=\"d8bd0ff\" data-element_type=\"column\" data-e-type=\"column\">\n\t\t\t<div class=\"elementor-widget-wrap elementor-element-populated\">\n\t\t\t\t\t\t<div class=\"elementor-element elementor-element-1fe0b59 elementor-widget__width-inherit elementor-widget elementor-widget-shortcode\" data-id=\"1fe0b59\" data-element_type=\"widget\" data-e-type=\"widget\" data-widget_type=\"shortcode.default\">\n\t\t\t\t<div class=\"elementor-widget-container\">\n\t\t\t\t\t\t\t<div class=\"elementor-shortcode\"><div class=\"map_wrapper\" id=\"map_wrapper_1770\">\n<div class=\"map_box\" style=\"max-width:1600px\">\n<div class=\"map_aspect_ratio\" style=\"padding-top:90%\" data-padding-top=\"90%\" data-padding-top-mobile=\"0%\">\n<div class=\"map_container\">\n<div class=\"map_render map_loading\" id=\"map_1770\"><\/div>\n<\/div>\n<\/div>\n<\/div>\n<\/div><\/div>\n\t\t\t\t\t\t<\/div>\n\t\t\t\t<\/div>\n\t\t\t\t\t<\/div>\n\t\t<\/div>\n\t\t\t\t<div class=\"elementor-column elementor-col-50 elementor-inner-column elementor-element elementor-element-158c4da\" data-id=\"158c4da\" data-element_type=\"column\" data-e-type=\"column\">\n\t\t\t<div class=\"elementor-widget-wrap elementor-element-populated\">\n\t\t\t\t\t\t<div class=\"elementor-element elementor-element-c73f259 elementor-widget elementor-widget-text-editor\" data-id=\"c73f259\" data-element_type=\"widget\" data-e-type=\"widget\" data-widget_type=\"text-editor.default\">\n\t\t\t\t<div class=\"elementor-widget-container\">\n\t\t\t\t\t\t\t\t\t<h3><strong>Uni\u00f3n de Cooperativas de Ense\u00f1anza de Castilla La Mancha (UCEC-M)<\/strong><\/h3><p>\u00a0<\/p><p><strong><a class=\"dt-single-image\" href=\"http:\/\/uecoe.es\/wp-content\/uploads\/2016\/04\/castillalamancha.jpg\" data-dt-img-description=\"\"><img decoding=\"async\" class=\"aligncenter wp-image-319\" src=\"http:\/\/uecoe.es\/wp-content\/uploads\/2016\/04\/castillalamancha-300x68.jpg\" alt=\"castillalamancha\" width=\"235\" height=\"53\" \/><\/a><\/strong><\/p><p>\u00a0<\/p><p><strong>Direcci\u00f3n de la organizaci\u00f3n\u00a0 \u00a0 \u00a0 \u00a0 \u00a0 \u00a0 \u00a0 \u00a0 \u00a0 \u00a0 \u00a0 \u00a0 \u00a0 \u00a0 \u00a0 \u00a0 \u00a0 \u00a0 \u00a0 \u00a0 \u00a0 \u00a0 \u00a0 \u00a0 \u00a0 \u00a0 \u00a0 \u00a0 \u00a0 \u00a0 \u00a0 \u00a0 \u00a0 \u00a0 \u00a0 \u00a0 \u00a0 \u00a0 \u00a0 <\/strong>C. Tres Carabelas, s\/n\u00a0 \u00a0 \u00a0 \u00a0 \u00a0 \u00a0 \u00a0 \u00a0 \u00a0 \u00a0 \u00a0 \u00a0 \u00a0 \u00a0 \u00a0 \u00a0 \u00a0 \u00a0 \u00a0 \u00a0 \u00a0 \u00a0 \u00a0 \u00a0 \u00a0 \u00a0 \u00a0 \u00a0 \u00a0 \u00a0 \u00a0 \u00a0 \u00a0 \u00a0 \u00a0 \u00a0 \u00a0 \u00a0 \u00a0 \u00a0 \u00a0 \u00a0 \u00a0 \u00a0 \u00a0 \u00a0 \u00a0 45600 &#8211; Talavera de la Reina\u00a0\u00a0 (Toledo)<\/p><p><strong>Tel\u00e9fono:<\/strong> 925811186\u00a0\u00a0\u00a0\u00a0 \u00a0\u00a0\u00a0\u00a0<\/p><p><strong>E-Mail <\/strong>: <a href=\"mailto:ucecm@clementepalencia.es\">ucecm@clementepalencia.es<\/a><\/p><p><strong>Persona de contacto\/Consejero: <\/strong>\u00c1ngel G\u00f3mez Garc\u00eda<\/p><p><strong>Misi\u00f3n<\/strong><\/p><ul><li>Representar y defender los intereses de las Cooperativas de Ense\u00f1anza de Castilla &#8211; La Mancha.<\/li><li>Promocionar y fomentar la creaci\u00f3n de cooperativas de ense\u00f1anza y difundir el esp\u00edritu y filosof\u00eda cooperativa al resto de la comunidad educativa.<\/li><\/ul><p><strong>Servicios que se ofertan<\/strong><\/p><ul><li>Informaci\u00f3n general de temas educativos y laborales.<\/li><li>Representaci\u00f3n ante las Administraci\u00f3n de Trabajo y educativa.<\/li><li>Formaci\u00f3n del Profesorado: Organizaci\u00f3n de cursos, jornadas y seminarios.<\/li><li>Coordinaci\u00f3n de acciones intercooperativas entre sus asociados.<strong>\u00a0<\/strong><\/li><\/ul><p><strong>\u00a0<\/strong><strong>Tipo de centros que la componen<\/strong><\/p><ul><li>Cooperativas de trabajo Asociado de Ense\u00f1anza que imparten Educaci\u00f3n Infantil, Educaci\u00f3n Primaria, Educaci\u00f3n Secundaria Obligatoria, Bachilleres y ofertan actividades complementarias y extraescolares.<\/li><li>Albergue en Navamorcuende (Toledo).<\/li><\/ul><p><strong>Datos de inter\u00e9s\u00a0 \u00a0 \u00a0 \u00a0 \u00a0 \u00a0 \u00a0 \u00a0 \u00a0 \u00a0 \u00a0 \u00a0 \u00a0 \u00a0 \u00a0 \u00a0 \u00a0 \u00a0 \u00a0 \u00a0 \u00a0 \u00a0 \u00a0 \u00a0 \u00a0 \u00a0 \u00a0 \u00a0 \u00a0 \u00a0 \u00a0 \u00a0 \u00a0 \u00a0 \u00a0 \u00a0 \u00a0 \u00a0 \u00a0 \u00a0 \u00a0 \u00a0 \u00a0 \u00a0 \u00a0 \u00a0 \u00a0 \u00a0 <\/strong>La Uni\u00f3n de Cooperativas de Ense\u00f1anza de Castilla-La Mancha en su af\u00e1n de potenciar y difundir el cooperativismo de ense\u00f1anza en su Comunidad Aut\u00f3noma ha realizado dos Congreso Auton\u00f3micos y coorganizado uno estatal con la UECoE, as\u00ed como actos y jornadas de formaci\u00f3n y difusi\u00f3n.<\/p>\t\t\t\t\t\t\t\t<\/div>\n\t\t\t\t<\/div>\n\t\t\t\t\t<\/div>\n\t\t<\/div>\n\t\t\t\t\t<\/div>\n\t\t<\/section>\n\t\t\t\t\t<\/div>\n\t\t<\/div>\n\t\t\t\t\t<\/div>\n\t\t<\/section>\n\t\t\t\t<\/div>","protected":false},"excerpt":{"rendered":"<p>Uni\u00f3n de Cooperativas de Ense\u00f1anza de Castilla La Mancha (UCEC-M) \u00a0 \u00a0 Direcci\u00f3n de la organizaci\u00f3n\u00a0 \u00a0 \u00a0 \u00a0 \u00a0 \u00a0 \u00a0 \u00a0 \u00a0 \u00a0 \u00a0 \u00a0 \u00a0 \u00a0 \u00a0 \u00a0 \u00a0 \u00a0 \u00a0 \u00a0 \u00a0 \u00a0 \u00a0 \u00a0 \u00a0 \u00a0 \u00a0 \u00a0 \u00a0 \u00a0 \u00a0 \u00a0 \u00a0 \u00a0 \u00a0 \u00a0 \u00a0 \u00a0 \u00a0 C. &#8230; <a title=\"castilla-la-mancha\" class=\"read-more\" href=\"https:\/\/uecoe.es\/en\/asociados\/castilla-la-mancha\/\" aria-label=\"Read more about castilla-la-mancha\">Read more<\/a><\/p>","protected":false},"author":6,"featured_media":0,"parent":1479,"menu_order":0,"comment_status":"closed","ping_status":"closed","template":"","meta":{"footnotes":""},"class_list":["post-1847","page","type-page","status-publish"],"_links":{"self":[{"href":"https:\/\/uecoe.es\/en\/wp-json\/wp\/v2\/pages\/1847","targetHints":{"allow":["GET"]}}],"collection":[{"href":"https:\/\/uecoe.es\/en\/wp-json\/wp\/v2\/pages"}],"about":[{"href":"https:\/\/uecoe.es\/en\/wp-json\/wp\/v2\/types\/page"}],"author":[{"embeddable":true,"href":"https:\/\/uecoe.es\/en\/wp-json\/wp\/v2\/users\/6"}],"replies":[{"embeddable":true,"href":"https:\/\/uecoe.es\/en\/wp-json\/wp\/v2\/comments?post=1847"}],"version-history":[{"count":7,"href":"https:\/\/uecoe.es\/en\/wp-json\/wp\/v2\/pages\/1847\/revisions"}],"predecessor-version":[{"id":3219,"href":"https:\/\/uecoe.es\/en\/wp-json\/wp\/v2\/pages\/1847\/revisions\/3219"}],"up":[{"embeddable":true,"href":"https:\/\/uecoe.es\/en\/wp-json\/wp\/v2\/pages\/1479"}],"wp:attachment":[{"href":"https:\/\/uecoe.es\/en\/wp-json\/wp\/v2\/media?parent=1847"}],"curies":[{"name":"wp","href":"https:\/\/api.w.org\/{rel}","templated":true}]}}