{"id":1853,"date":"2023-11-21T00:45:23","date_gmt":"2023-11-21T00:45:23","guid":{"rendered":"https:\/\/uecoe.es\/?page_id=1853"},"modified":"2024-04-04T13:41:55","modified_gmt":"2024-04-04T13:41:55","slug":"castilla-leon","status":"publish","type":"page","link":"https:\/\/uecoe.es\/en\/asociados\/castilla-leon\/","title":{"rendered":"castilla-leon"},"content":{"rendered":"<div data-elementor-type=\"wp-page\" data-elementor-id=\"1853\" class=\"elementor elementor-1853\" data-elementor-post-type=\"page\">\n\t\t\t\t\t\t<section class=\"elementor-section elementor-top-section elementor-element elementor-element-86f4e89 elementor-section-boxed elementor-section-height-default elementor-section-height-default\" data-id=\"86f4e89\" data-element_type=\"section\" data-e-type=\"section\">\n\t\t\t\t\t\t<div class=\"elementor-container elementor-column-gap-default\">\n\t\t\t\t\t<div class=\"elementor-column elementor-col-100 elementor-top-column elementor-element elementor-element-2f49fe9\" data-id=\"2f49fe9\" data-element_type=\"column\" data-e-type=\"column\">\n\t\t\t<div class=\"elementor-widget-wrap elementor-element-populated\">\n\t\t\t\t\t\t<section class=\"elementor-section elementor-inner-section elementor-element elementor-element-0f9d154 elementor-section-boxed elementor-section-height-default elementor-section-height-default\" data-id=\"0f9d154\" data-element_type=\"section\" data-e-type=\"section\">\n\t\t\t\t\t\t<div class=\"elementor-container elementor-column-gap-default\">\n\t\t\t\t\t<div class=\"elementor-column elementor-col-50 elementor-inner-column elementor-element elementor-element-d8bd0ff\" data-id=\"d8bd0ff\" data-element_type=\"column\" data-e-type=\"column\">\n\t\t\t<div class=\"elementor-widget-wrap elementor-element-populated\">\n\t\t\t\t\t\t<div class=\"elementor-element elementor-element-1fe0b59 elementor-widget__width-inherit elementor-widget elementor-widget-shortcode\" data-id=\"1fe0b59\" data-element_type=\"widget\" data-e-type=\"widget\" data-widget_type=\"shortcode.default\">\n\t\t\t\t<div class=\"elementor-widget-container\">\n\t\t\t\t\t\t\t<div class=\"elementor-shortcode\"><div class=\"map_wrapper\" id=\"map_wrapper_1770\">\n<div class=\"map_box\" style=\"max-width:1600px\">\n<div class=\"map_aspect_ratio\" style=\"padding-top:90%\" data-padding-top=\"90%\" data-padding-top-mobile=\"0%\">\n<div class=\"map_container\">\n<div class=\"map_render map_loading\" id=\"map_1770\"><\/div>\n<\/div>\n<\/div>\n<\/div>\n<\/div><\/div>\n\t\t\t\t\t\t<\/div>\n\t\t\t\t<\/div>\n\t\t\t\t\t<\/div>\n\t\t<\/div>\n\t\t\t\t<div class=\"elementor-column elementor-col-50 elementor-inner-column elementor-element elementor-element-158c4da\" data-id=\"158c4da\" data-element_type=\"column\" data-e-type=\"column\">\n\t\t\t<div class=\"elementor-widget-wrap elementor-element-populated\">\n\t\t\t\t\t\t<div class=\"elementor-element elementor-element-c73f259 elementor-widget elementor-widget-text-editor\" data-id=\"c73f259\" data-element_type=\"widget\" data-e-type=\"widget\" data-widget_type=\"text-editor.default\">\n\t\t\t\t<div class=\"elementor-widget-container\">\n\t\t\t\t\t\t\t\t\t<h3><strong>UECoE &#8211; Castilla Le\u00f3n<\/strong><\/h3><p>\u00a0<\/p><p><strong><a class=\"dt-single-image\" href=\"http:\/\/uecoe.es\/wp-content\/uploads\/2016\/05\/castillaleon.jpg\" data-dt-img-description=\"\"><img decoding=\"async\" class=\"wp-image-442  aligncenter\" src=\"http:\/\/uecoe.es\/wp-content\/uploads\/2016\/05\/castillaleon-180x300.jpg\" width=\"72\" height=\"120\" \/><\/a><\/strong><\/p><p>\u00a0<\/p><p>En Castilla Le\u00f3n, y en concreto en la ciudad de Segovia se encuentra el Colegio Cooperativo Alc\u00e1zar de Segovia (<a href=\"http:\/\/www.colegiocooperativaalcazar.es\/site\/index2.html\">http:\/\/www.colegiocooperativaalcazar.es\/site\/index2.html<\/a>), entidad representante del movimiento cooperativo y de Econom\u00eda Social educativa.<\/p><p>Es una Cooperativas de Ense\u00f1anza biling\u00fce que imparte Educaci\u00f3n Infantil, Educaci\u00f3n Primaria y Educaci\u00f3n Secundaria Obligatoria y oferta actividades complementarias y extraescolares.<\/p>\t\t\t\t\t\t\t\t<\/div>\n\t\t\t\t<\/div>\n\t\t\t\t\t<\/div>\n\t\t<\/div>\n\t\t\t\t\t<\/div>\n\t\t<\/section>\n\t\t\t\t\t<\/div>\n\t\t<\/div>\n\t\t\t\t\t<\/div>\n\t\t<\/section>\n\t\t\t\t<\/div>","protected":false},"excerpt":{"rendered":"<p>UECoE &#8211; Castilla Le\u00f3n \u00a0 \u00a0 En Castilla Le\u00f3n, y en concreto en la ciudad de Segovia se encuentra el Colegio Cooperativo Alc\u00e1zar de Segovia (http:\/\/www.colegiocooperativaalcazar.es\/site\/index2.html), entidad representante del movimiento cooperativo y de Econom\u00eda Social educativa. Es una Cooperativas de Ense\u00f1anza biling\u00fce que imparte Educaci\u00f3n Infantil, Educaci\u00f3n Primaria y Educaci\u00f3n Secundaria Obligatoria y oferta actividades &#8230; <a title=\"castilla-leon\" class=\"read-more\" href=\"https:\/\/uecoe.es\/en\/asociados\/castilla-leon\/\" aria-label=\"Read more about castilla-leon\">Read more<\/a><\/p>","protected":false},"author":6,"featured_media":0,"parent":1479,"menu_order":0,"comment_status":"closed","ping_status":"closed","template":"","meta":{"footnotes":""},"class_list":["post-1853","page","type-page","status-publish"],"_links":{"self":[{"href":"https:\/\/uecoe.es\/en\/wp-json\/wp\/v2\/pages\/1853","targetHints":{"allow":["GET"]}}],"collection":[{"href":"https:\/\/uecoe.es\/en\/wp-json\/wp\/v2\/pages"}],"about":[{"href":"https:\/\/uecoe.es\/en\/wp-json\/wp\/v2\/types\/page"}],"author":[{"embeddable":true,"href":"https:\/\/uecoe.es\/en\/wp-json\/wp\/v2\/users\/6"}],"replies":[{"embeddable":true,"href":"https:\/\/uecoe.es\/en\/wp-json\/wp\/v2\/comments?post=1853"}],"version-history":[{"count":10,"href":"https:\/\/uecoe.es\/en\/wp-json\/wp\/v2\/pages\/1853\/revisions"}],"predecessor-version":[{"id":3228,"href":"https:\/\/uecoe.es\/en\/wp-json\/wp\/v2\/pages\/1853\/revisions\/3228"}],"up":[{"embeddable":true,"href":"https:\/\/uecoe.es\/en\/wp-json\/wp\/v2\/pages\/1479"}],"wp:attachment":[{"href":"https:\/\/uecoe.es\/en\/wp-json\/wp\/v2\/media?parent=1853"}],"curies":[{"name":"wp","href":"https:\/\/api.w.org\/{rel}","templated":true}]}}