{"id":1866,"date":"2023-11-21T00:48:25","date_gmt":"2023-11-21T00:48:25","guid":{"rendered":"https:\/\/uecoe.es\/?page_id=1866"},"modified":"2024-04-25T10:36:09","modified_gmt":"2024-04-25T10:36:09","slug":"extremadura","status":"publish","type":"page","link":"https:\/\/uecoe.es\/en\/asociados\/extremadura\/","title":{"rendered":"extremadura"},"content":{"rendered":"<div data-elementor-type=\"wp-page\" data-elementor-id=\"1866\" class=\"elementor elementor-1866\" data-elementor-post-type=\"page\">\n\t\t\t\t\t\t<section class=\"elementor-section elementor-top-section elementor-element elementor-element-86f4e89 elementor-section-boxed elementor-section-height-default elementor-section-height-default\" data-id=\"86f4e89\" data-element_type=\"section\" data-e-type=\"section\">\n\t\t\t\t\t\t<div class=\"elementor-container elementor-column-gap-default\">\n\t\t\t\t\t<div class=\"elementor-column elementor-col-100 elementor-top-column elementor-element elementor-element-2f49fe9\" data-id=\"2f49fe9\" data-element_type=\"column\" data-e-type=\"column\">\n\t\t\t<div class=\"elementor-widget-wrap elementor-element-populated\">\n\t\t\t\t\t\t<section class=\"elementor-section elementor-inner-section elementor-element elementor-element-0f9d154 elementor-section-boxed elementor-section-height-default elementor-section-height-default\" data-id=\"0f9d154\" data-element_type=\"section\" data-e-type=\"section\">\n\t\t\t\t\t\t<div class=\"elementor-container elementor-column-gap-default\">\n\t\t\t\t\t<div class=\"elementor-column elementor-col-50 elementor-inner-column elementor-element elementor-element-d8bd0ff\" data-id=\"d8bd0ff\" data-element_type=\"column\" data-e-type=\"column\">\n\t\t\t<div class=\"elementor-widget-wrap elementor-element-populated\">\n\t\t\t\t\t\t<div class=\"elementor-element elementor-element-1fe0b59 elementor-widget__width-inherit elementor-widget elementor-widget-shortcode\" data-id=\"1fe0b59\" data-element_type=\"widget\" data-e-type=\"widget\" data-widget_type=\"shortcode.default\">\n\t\t\t\t<div class=\"elementor-widget-container\">\n\t\t\t\t\t\t\t<div class=\"elementor-shortcode\"><div class=\"map_wrapper\" id=\"map_wrapper_1770\">\n<div class=\"map_box\" style=\"max-width:1600px\">\n<div class=\"map_aspect_ratio\" style=\"padding-top:90%\" data-padding-top=\"90%\" data-padding-top-mobile=\"0%\">\n<div class=\"map_container\">\n<div class=\"map_render map_loading\" id=\"map_1770\"><\/div>\n<\/div>\n<\/div>\n<\/div>\n<\/div><\/div>\n\t\t\t\t\t\t<\/div>\n\t\t\t\t<\/div>\n\t\t\t\t\t<\/div>\n\t\t<\/div>\n\t\t\t\t<div class=\"elementor-column elementor-col-50 elementor-inner-column elementor-element elementor-element-158c4da\" data-id=\"158c4da\" data-element_type=\"column\" data-e-type=\"column\">\n\t\t\t<div class=\"elementor-widget-wrap elementor-element-populated\">\n\t\t\t\t\t\t<div class=\"elementor-element elementor-element-c73f259 elementor-widget elementor-widget-text-editor\" data-id=\"c73f259\" data-element_type=\"widget\" data-e-type=\"widget\" data-widget_type=\"text-editor.default\">\n\t\t\t\t<div class=\"elementor-widget-container\">\n\t\t\t\t\t\t\t\t\t<h3><strong>Uni\u00f3n de Coops. de Ense\u00f1anza de Trabajo Asociado de Extremadura ( UCETAEX)<\/strong><\/h3><p>\u00a0<\/p><p><img decoding=\"async\" class=\"aligncenter\" src=\"https:\/\/ucetaex.com\/wp-content\/uploads\/2023\/02\/Ucetaex_logo.svg\" width=\"256\" height=\"112\" \/><\/p><p>\u00a0<\/p><p><strong>Direcci\u00f3n de la organizaci\u00f3n\u00a0 \u00a0 \u00a0 \u00a0 \u00a0 \u00a0 \u00a0 \u00a0 \u00a0 \u00a0 \u00a0 \u00a0 \u00a0 \u00a0 \u00a0 \u00a0 \u00a0 \u00a0 \u00a0 \u00a0 \u00a0 \u00a0 \u00a0 \u00a0 \u00a0 \u00a0 \u00a0 \u00a0 \u00a0 \u00a0 \u00a0 \u00a0 \u00a0 \u00a0 \u00a0 \u00a0 \u00a0<\/strong>Colegio Licenciados Reunidos, S. Coop.\u00a0 \u00a0 \u00a0 \u00a0 \u00a0 \u00a0 \u00a0 \u00a0 \u00a0 \u00a0 \u00a0 \u00a0 \u00a0 \u00a0 \u00a0 \u00a0 \u00a0 \u00a0 \u00a0 \u00a0 \u00a0 \u00a0 \u00a0 \u00a0 \u00a0 \u00a0 \u00a0 \u00a0 \u00a0 \u00a0 \u00a0 \u00a0 \u00a0C\/ Italia, 13\u00a0 \u00a0 \u00a0 \u00a0 \u00a0 \u00a0 \u00a0 \u00a0 \u00a0 \u00a0 \u00a0 \u00a0 \u00a0 \u00a0 \u00a0 \u00a0 \u00a0 \u00a0 \u00a0 \u00a0 \u00a0 \u00a0 \u00a0 \u00a0 \u00a0 \u00a0 \u00a0 \u00a0 \u00a0 \u00a0 \u00a0 \u00a0 \u00a0 \u00a0 \u00a0 \u00a0 \u00a0 \u00a0 \u00a0 \u00a0 \u00a0 \u00a0 \u00a0 \u00a0 \u00a0 \u00a0 \u00a0 \u00a0 \u00a0 \u00a0 \u00a010005 C\u00e1ceres<\/p><p><strong>Tel\u00e9fono:<\/strong> 927232002<\/p><p><strong>Web:<\/strong> <a href=\"https:\/\/ucetaex.com\/\">https\/\/ucetaex.com\/<\/a><\/p><p><strong>E-Mail <\/strong>: <a href=\"mailto:info@ucetaex.com\">info@ucetaex.com<\/a><\/p><p><strong>Persona de contacto\/Consejera: <\/strong>Isabel M\u00aa Rojo Medina<\/p><p><strong>Misi\u00f3n\u00a0 \u00a0 \u00a0 \u00a0 \u00a0 \u00a0 \u00a0 \u00a0 \u00a0 \u00a0 \u00a0 \u00a0 \u00a0 \u00a0 \u00a0 \u00a0 \u00a0 \u00a0 \u00a0 \u00a0 \u00a0 \u00a0 \u00a0 \u00a0 \u00a0 \u00a0 \u00a0 \u00a0 \u00a0 \u00a0 \u00a0 \u00a0 \u00a0 \u00a0 \u00a0 \u00a0 \u00a0 \u00a0 \u00a0 \u00a0 \u00a0 \u00a0 \u00a0 \u00a0 \u00a0 \u00a0 \u00a0 \u00a0 \u00a0 \u00a0 <\/strong>Representar y defender los intereses de las Cooperativas de ense\u00f1anza de Extremadura en foros educativos de trabajo.<\/p><p><strong>Servicios que se ofertan<\/strong><\/p><ul><li><strong>Informaci\u00f3n general<\/strong> de temas educativos y laborales.<\/li><li><strong>Representaci\u00f3n<\/strong> ante las Administraci\u00f3n de Trabajo y educativa.<\/li><li><strong>Coordinaci\u00f3n y organizaci\u00f3n<\/strong> de actividades conjuntas de las cooperativas: Cursos, jornadas.<\/li><\/ul><p><strong>Tipo de centros que la componen\u00a0 \u00a0 \u00a0 \u00a0 \u00a0 \u00a0 \u00a0 \u00a0 \u00a0 \u00a0 \u00a0 \u00a0 \u00a0 \u00a0 \u00a0 \u00a0 \u00a0 \u00a0 \u00a0 \u00a0 \u00a0 \u00a0 \u00a0 \u00a0 \u00a0 <\/strong>Cooperativas de trabajo Asociado de Ense\u00f1anza que imparten Educaci\u00f3n Infantil, Educaci\u00f3n Primaria y Educaci\u00f3n Secundaria Obligatoria y ofertan actividades complementarias y extraescolares.<\/p><p><strong>Datos de inter\u00e9s\u00a0 \u00a0 \u00a0 \u00a0 \u00a0 \u00a0 \u00a0 \u00a0 \u00a0 \u00a0 \u00a0 \u00a0 \u00a0 \u00a0 \u00a0 \u00a0 \u00a0 \u00a0 \u00a0 \u00a0 \u00a0 \u00a0 \u00a0 \u00a0 \u00a0 \u00a0 \u00a0 \u00a0 \u00a0 \u00a0 \u00a0 \u00a0 \u00a0 \u00a0 \u00a0 \u00a0 \u00a0 \u00a0 \u00a0 \u00a0 \u00a0 \u00a0 \u00a0 \u00a0 \u00a0 \u00a0 \u00a0 \u00a0 \u00a0 <\/strong>Forma parte de la Uni\u00f3n Espa\u00f1ola de Cooperativas de Ense\u00f1anza desde su constituci\u00f3n en 1989, siendo impulsora de su constituci\u00f3n, y habiendo celebrado en M\u00e9rida el II Congreso de lo que posteriormente ser\u00eda la U.E.Co.E., adem\u00e1s de otras actividades de formaci\u00f3n y difusi\u00f3n del cooperativismo en colaboraci\u00f3n con la Uni\u00f3n.<\/p>\t\t\t\t\t\t\t\t<\/div>\n\t\t\t\t<\/div>\n\t\t\t\t\t<\/div>\n\t\t<\/div>\n\t\t\t\t\t<\/div>\n\t\t<\/section>\n\t\t\t\t\t<\/div>\n\t\t<\/div>\n\t\t\t\t\t<\/div>\n\t\t<\/section>\n\t\t\t\t<\/div>","protected":false},"excerpt":{"rendered":"<p>Uni\u00f3n de Coops. de Ense\u00f1anza de Trabajo Asociado de Extremadura ( UCETAEX) \u00a0 \u00a0 Direcci\u00f3n de la organizaci\u00f3n\u00a0 \u00a0 \u00a0 \u00a0 \u00a0 \u00a0 \u00a0 \u00a0 \u00a0 \u00a0 \u00a0 \u00a0 \u00a0 \u00a0 \u00a0 \u00a0 \u00a0 \u00a0 \u00a0 \u00a0 \u00a0 \u00a0 \u00a0 \u00a0 \u00a0 \u00a0 \u00a0 \u00a0 \u00a0 \u00a0 \u00a0 \u00a0 \u00a0 \u00a0 \u00a0 \u00a0 \u00a0Colegio Licenciados &#8230; <a title=\"extremadura\" class=\"read-more\" href=\"https:\/\/uecoe.es\/en\/asociados\/extremadura\/\" aria-label=\"Read more about extremadura\">Read more<\/a><\/p>","protected":false},"author":6,"featured_media":0,"parent":1479,"menu_order":0,"comment_status":"closed","ping_status":"closed","template":"","meta":{"footnotes":""},"class_list":["post-1866","page","type-page","status-publish"],"_links":{"self":[{"href":"https:\/\/uecoe.es\/en\/wp-json\/wp\/v2\/pages\/1866","targetHints":{"allow":["GET"]}}],"collection":[{"href":"https:\/\/uecoe.es\/en\/wp-json\/wp\/v2\/pages"}],"about":[{"href":"https:\/\/uecoe.es\/en\/wp-json\/wp\/v2\/types\/page"}],"author":[{"embeddable":true,"href":"https:\/\/uecoe.es\/en\/wp-json\/wp\/v2\/users\/6"}],"replies":[{"embeddable":true,"href":"https:\/\/uecoe.es\/en\/wp-json\/wp\/v2\/comments?post=1866"}],"version-history":[{"count":25,"href":"https:\/\/uecoe.es\/en\/wp-json\/wp\/v2\/pages\/1866\/revisions"}],"predecessor-version":[{"id":3491,"href":"https:\/\/uecoe.es\/en\/wp-json\/wp\/v2\/pages\/1866\/revisions\/3491"}],"up":[{"embeddable":true,"href":"https:\/\/uecoe.es\/en\/wp-json\/wp\/v2\/pages\/1479"}],"wp:attachment":[{"href":"https:\/\/uecoe.es\/en\/wp-json\/wp\/v2\/media?parent=1866"}],"curies":[{"name":"wp","href":"https:\/\/api.w.org\/{rel}","templated":true}]}}