{"id":1872,"date":"2023-11-21T00:49:29","date_gmt":"2023-11-21T00:49:29","guid":{"rendered":"https:\/\/uecoe.es\/?page_id=1872"},"modified":"2026-02-26T09:43:56","modified_gmt":"2026-02-26T08:43:56","slug":"galicia","status":"publish","type":"page","link":"https:\/\/uecoe.es\/en\/asociados\/galicia\/","title":{"rendered":"galicia"},"content":{"rendered":"<div data-elementor-type=\"wp-page\" data-elementor-id=\"1872\" class=\"elementor elementor-1872\" data-elementor-post-type=\"page\">\n\t\t\t\t\t\t<section class=\"elementor-section elementor-top-section elementor-element elementor-element-86f4e89 elementor-section-boxed elementor-section-height-default elementor-section-height-default\" data-id=\"86f4e89\" data-element_type=\"section\" data-e-type=\"section\">\n\t\t\t\t\t\t<div class=\"elementor-container elementor-column-gap-default\">\n\t\t\t\t\t<div class=\"elementor-column elementor-col-100 elementor-top-column elementor-element elementor-element-2f49fe9\" data-id=\"2f49fe9\" data-element_type=\"column\" data-e-type=\"column\">\n\t\t\t<div class=\"elementor-widget-wrap elementor-element-populated\">\n\t\t\t\t\t\t<section class=\"elementor-section elementor-inner-section elementor-element elementor-element-0f9d154 elementor-section-boxed elementor-section-height-default elementor-section-height-default\" data-id=\"0f9d154\" data-element_type=\"section\" data-e-type=\"section\">\n\t\t\t\t\t\t<div class=\"elementor-container elementor-column-gap-default\">\n\t\t\t\t\t<div class=\"elementor-column elementor-col-50 elementor-inner-column elementor-element elementor-element-d8bd0ff\" data-id=\"d8bd0ff\" data-element_type=\"column\" data-e-type=\"column\">\n\t\t\t<div class=\"elementor-widget-wrap elementor-element-populated\">\n\t\t\t\t\t\t<div class=\"elementor-element elementor-element-1fe0b59 elementor-widget__width-inherit elementor-widget elementor-widget-shortcode\" data-id=\"1fe0b59\" data-element_type=\"widget\" data-e-type=\"widget\" data-widget_type=\"shortcode.default\">\n\t\t\t\t<div class=\"elementor-widget-container\">\n\t\t\t\t\t\t\t<div class=\"elementor-shortcode\"><div class=\"map_wrapper\" id=\"map_wrapper_1770\">\n<div class=\"map_box\" style=\"max-width:1600px\">\n<div class=\"map_aspect_ratio\" style=\"padding-top:90%\" data-padding-top=\"90%\" data-padding-top-mobile=\"0%\">\n<div class=\"map_container\">\n<div class=\"map_render map_loading\" id=\"map_1770\"><\/div>\n<\/div>\n<\/div>\n<\/div>\n<\/div><\/div>\n\t\t\t\t\t\t<\/div>\n\t\t\t\t<\/div>\n\t\t\t\t\t<\/div>\n\t\t<\/div>\n\t\t\t\t<div class=\"elementor-column elementor-col-50 elementor-inner-column elementor-element elementor-element-158c4da\" data-id=\"158c4da\" data-element_type=\"column\" data-e-type=\"column\">\n\t\t\t<div class=\"elementor-widget-wrap elementor-element-populated\">\n\t\t\t\t\t\t<div class=\"elementor-element elementor-element-c73f259 elementor-widget elementor-widget-text-editor\" data-id=\"c73f259\" data-element_type=\"widget\" data-e-type=\"widget\" data-widget_type=\"text-editor.default\">\n\t\t\t\t<div class=\"elementor-widget-container\">\n\t\t\t\t\t\t\t\t\t<h3><strong>Uni\u00f3n de Cooperativas Galegas &#8211; EspazoCoop<\/strong><\/h3><p><a class=\"dt-single-image\" href=\"https:\/\/uecoe.endesys.net\/wp-content\/uploads\/2017\/05\/logo_espazocoop_color.jpg\" data-dt-img-description=\"\"><img decoding=\"async\" class=\"size-medium wp-image-914 aligncenter\" src=\"https:\/\/uecoe.endesys.net\/wp-content\/uploads\/2017\/05\/logo_espazocoop_color-300x128.jpg\" alt=\"\" width=\"300\" height=\"128\" \/><\/a><\/p><p><span style=\"text-decoration: underline;\"><strong>Datos de contacto de EspazoCoop\u00a0<\/strong><\/span><\/p><p><strong>A Coru\u00f1a<\/strong> | Centro Municipal de Empresas Accede Papagaio \u2013 Praza Papagaio, s\/n 15002 |+34 881887456\u00a0 \u00a0 \u00a0 \u00a0 \u00a0 <strong>Santiago de Compostela<\/strong> | R\u00faa Rep\u00fablica de El Salvador, 3 2\u00baD 15701 |+34 981575578 <strong>Vigo<\/strong> | R\u00faa Marqu\u00e9s de Valladares,14 Pl. 2\u00aa Of. 4 e 5 36201|+34 986866149<\/p><p><strong>Web:<\/strong> <a href=\"http:\/\/www.espazo.coop\/\">www.espazo.coop<\/a>\u00a0 \u00a0 \u00a0 \u00a0 \u00a0 \u00a0 \u00a0 \u00a0 \u00a0 \u00a0 \u00a0 \u00a0 \u00a0 \u00a0 \u00a0 \u00a0 \u00a0 \u00a0 \u00a0 \u00a0 \u00a0 \u00a0 \u00a0 \u00a0 \u00a0 \u00a0 \u00a0 \u00a0 \u00a0 \u00a0 \u00a0 \u00a0 \u00a0 \u00a0 \u00a0 \u00a0 \u00a0 \u00a0 \u00a0 \u00a0 \u00a0 <strong>Mail:<\/strong> <a href=\"mailto:info@espazo.coop\">info@espazo.coop<\/a><\/p><p><span style=\"text-decoration: underline;\"><strong>Datos de contacto de la Sectorial de Cooperativas de Ense\u00f1anza<\/strong><\/span><\/p><p><strong>Vigo<\/strong> |R\u00faa Marqu\u00e9s de Valladares,14 Pl. 2\u00aa Of. 4 e 5 36201|+34 986866149<\/p><p><strong>Web:<\/strong> <a href=\"https:\/\/espazo.coop\/a-union\/sectoriais\/\">www.espazo.coop\u00a0<\/a> \u00a0 \u00a0 \u00a0 \u00a0 \u00a0 \u00a0 \u00a0 \u00a0 \u00a0 \u00a0 \u00a0 \u00a0 \u00a0 \u00a0 \u00a0 \u00a0 \u00a0 \u00a0 \u00a0 \u00a0 \u00a0 \u00a0 \u00a0 \u00a0 \u00a0 \u00a0 \u00a0 \u00a0 \u00a0 \u00a0 \u00a0 \u00a0 \u00a0 \u00a0 \u00a0 \u00a0 \u00a0 \u00a0 \u00a0 \u00a0 <strong>Mail:<\/strong> <a href=\"mailto:roberto@espazo.coop\">roberto<\/a><a href=\"mailto:roberto@espazo.coop\">@espazo.coop<\/a><\/p><p><strong>Persona de contacto: <\/strong>Roberto Andr\u00e9s Sanmart\u00edn\u00a0 \u00a0 \u00a0 \u00a0 \u00a0 \u00a0 \u00a0 \u00a0 \u00a0 \u00a0 \u00a0 \u00a0 \u00a0 \u00a0 \u00a0 \u00a0<\/p><p><strong>Consejero:<\/strong> Miguel Anxo Filgueira Touri\u00f1o<\/p><p><strong>Misi\u00f3n\u00a0 \u00a0 \u00a0 \u00a0 \u00a0 \u00a0 \u00a0 \u00a0 \u00a0 \u00a0 \u00a0 \u00a0 \u00a0 \u00a0 \u00a0 \u00a0 \u00a0 \u00a0 \u00a0 \u00a0 \u00a0 \u00a0 \u00a0 \u00a0 \u00a0 \u00a0 \u00a0 \u00a0 \u00a0 \u00a0 \u00a0 \u00a0 \u00a0 \u00a0 \u00a0 \u00a0 \u00a0 \u00a0 \u00a0 \u00a0 \u00a0 \u00a0 \u00a0 \u00a0 \u00a0 \u00a0 \u00a0 \u00a0 \u00a0 \u00a0 \u00a0 \u00a0 \u00a0 \u00a0 \u00a0 \u00a0 <\/strong>La Sectorial de Cooperativas de Ense\u00f1anza de EspazoCoop Uni\u00f3n de Cooperativas Galegas, tiene como misi\u00f3n representar y defender los intereses de las cooperativas de ense\u00f1anza de Galicia en foros p\u00fablicos y privados de \u00edndole educativa y de la econom\u00eda social.<\/p><p><strong>Servicios que se ofertan<\/strong><\/p><ul><li>Representaci\u00f3n y defensa de los intereses del sector.<\/li><li>Asesoramiento jur\u00eddico.<\/li><li>Asesoramiento en TIC\u00b4S.<\/li><li>Asesoramiento pedag\u00f3gico y educativo.<\/li><li>Asesoramiento en organizaci\u00f3n.<\/li><li>Asesoramiento financiero.<\/li><li>Asesoramento axudas e subvenci\u00f3ns.<\/li><li>Formaci\u00f3n.<\/li><li>Fomento de nuevas cooperativas.<\/li><li>Difusi\u00f3n y fomento del cooperativismo en la escuela y en la universidad.<\/li><\/ul><p><strong>Tipo de centros\u00a0 \u00a0 \u00a0 \u00a0 \u00a0 \u00a0 \u00a0 \u00a0 \u00a0 \u00a0 \u00a0 \u00a0 \u00a0 \u00a0 \u00a0 \u00a0 \u00a0 \u00a0 \u00a0 \u00a0 \u00a0 \u00a0 \u00a0 \u00a0 \u00a0 \u00a0 \u00a0 \u00a0 \u00a0 \u00a0 \u00a0 \u00a0 \u00a0 \u00a0 \u00a0 \u00a0 \u00a0 \u00a0 \u00a0 \u00a0 \u00a0 \u00a0 \u00a0 <\/strong>Cooperativas de Trabajo Asociado de Ense\u00f1anza que imparten Educaci\u00f3n Infantil, Educaci\u00f3n Primaria y Educaci\u00f3n Secundaria Obligatoria, Bachillerato, Formaci\u00f3n Profesional y Educaci\u00f3n Musical y ofertan actividades complementarias y extraescolares.<\/p><p><strong>Datos de inter\u00e9s\u00a0 \u00a0 \u00a0 \u00a0 \u00a0 \u00a0 \u00a0 \u00a0 \u00a0 \u00a0 \u00a0 \u00a0 \u00a0 \u00a0 \u00a0 \u00a0 \u00a0 \u00a0 \u00a0 \u00a0 \u00a0 \u00a0 \u00a0 \u00a0 \u00a0 \u00a0 \u00a0 \u00a0 \u00a0 \u00a0 \u00a0 \u00a0 \u00a0 \u00a0 \u00a0 \u00a0 \u00a0 \u00a0 \u00a0 \u00a0 \u00a0 \u00a0 \u00a0 \u00a0 <\/strong>EspazoCoop Uni\u00f3n de Cooperativas Galegas es una entidad asociativa de car\u00e1cter empresarial, multisectorial, y sin \u00e1nimo de lucro, de \u00e1mbito gallego, integrada por cooperativas de distintas clases, entre otras por cooperativas de ense\u00f1anza, y cuenta en su organizaci\u00f3n con la Sectorial de Cooperativas de Ense\u00f1anza, para ofrecer apoyo y soluciones a aquellas cuestiones que les afectan (defensa y representaci\u00f3n de sus intereses, empresariales y pedag\u00f3gicos ante los distintos organismos p\u00fablicos y privados).<\/p><p>La uni\u00f3n se inspira en los principios cooperativos y en sus valores, y tiene como objetivo: agrupar, representar, impulsar, y fomentar la intercooperaci\u00f3n, as\u00ed como defender los intereses de sus cooperativas socias y de las personas que las constituyen, adem\u00e1s de divulgar, fomentar y consolidar el cooperativismo, como herramienta de desarrollo socioecon\u00f3mico, en el marco de la econom\u00eda social y solidaria.<\/p>\t\t\t\t\t\t\t\t<\/div>\n\t\t\t\t<\/div>\n\t\t\t\t\t<\/div>\n\t\t<\/div>\n\t\t\t\t\t<\/div>\n\t\t<\/section>\n\t\t\t\t\t<\/div>\n\t\t<\/div>\n\t\t\t\t\t<\/div>\n\t\t<\/section>\n\t\t\t\t<\/div>","protected":false},"excerpt":{"rendered":"<p>Uni\u00f3n de Cooperativas Galegas &#8211; EspazoCoop Datos de contacto de EspazoCoop\u00a0 A Coru\u00f1a | Centro Municipal de Empresas Accede Papagaio \u2013 Praza Papagaio, s\/n 15002 |+34 881887456\u00a0 \u00a0 \u00a0 \u00a0 \u00a0 Santiago de Compostela | R\u00faa Rep\u00fablica de El Salvador, 3 2\u00baD 15701 |+34 981575578 Vigo | R\u00faa Marqu\u00e9s de Valladares,14 Pl. 2\u00aa Of. 4 &#8230; <a title=\"galicia\" class=\"read-more\" href=\"https:\/\/uecoe.es\/en\/asociados\/galicia\/\" aria-label=\"Read more about galicia\">Read more<\/a><\/p>","protected":false},"author":6,"featured_media":0,"parent":1479,"menu_order":0,"comment_status":"closed","ping_status":"closed","template":"","meta":{"footnotes":""},"class_list":["post-1872","page","type-page","status-publish"],"_links":{"self":[{"href":"https:\/\/uecoe.es\/en\/wp-json\/wp\/v2\/pages\/1872","targetHints":{"allow":["GET"]}}],"collection":[{"href":"https:\/\/uecoe.es\/en\/wp-json\/wp\/v2\/pages"}],"about":[{"href":"https:\/\/uecoe.es\/en\/wp-json\/wp\/v2\/types\/page"}],"author":[{"embeddable":true,"href":"https:\/\/uecoe.es\/en\/wp-json\/wp\/v2\/users\/6"}],"replies":[{"embeddable":true,"href":"https:\/\/uecoe.es\/en\/wp-json\/wp\/v2\/comments?post=1872"}],"version-history":[{"count":31,"href":"https:\/\/uecoe.es\/en\/wp-json\/wp\/v2\/pages\/1872\/revisions"}],"predecessor-version":[{"id":4330,"href":"https:\/\/uecoe.es\/en\/wp-json\/wp\/v2\/pages\/1872\/revisions\/4330"}],"up":[{"embeddable":true,"href":"https:\/\/uecoe.es\/en\/wp-json\/wp\/v2\/pages\/1479"}],"wp:attachment":[{"href":"https:\/\/uecoe.es\/en\/wp-json\/wp\/v2\/media?parent=1872"}],"curies":[{"name":"wp","href":"https:\/\/api.w.org\/{rel}","templated":true}]}}