{"id":1884,"date":"2023-11-21T00:52:30","date_gmt":"2023-11-21T00:52:30","guid":{"rendered":"https:\/\/uecoe.es\/?page_id=1884"},"modified":"2024-04-22T12:57:44","modified_gmt":"2024-04-22T12:57:44","slug":"madrid","status":"publish","type":"page","link":"https:\/\/uecoe.es\/en\/asociados\/madrid\/","title":{"rendered":"madrid"},"content":{"rendered":"<div data-elementor-type=\"wp-page\" data-elementor-id=\"1884\" class=\"elementor elementor-1884\" data-elementor-post-type=\"page\">\n\t\t\t\t\t\t<section class=\"elementor-section elementor-top-section elementor-element elementor-element-86f4e89 elementor-section-boxed elementor-section-height-default elementor-section-height-default\" data-id=\"86f4e89\" data-element_type=\"section\" data-e-type=\"section\">\n\t\t\t\t\t\t<div class=\"elementor-container elementor-column-gap-default\">\n\t\t\t\t\t<div class=\"elementor-column elementor-col-100 elementor-top-column elementor-element elementor-element-2f49fe9\" data-id=\"2f49fe9\" data-element_type=\"column\" data-e-type=\"column\">\n\t\t\t<div class=\"elementor-widget-wrap elementor-element-populated\">\n\t\t\t\t\t\t<section class=\"elementor-section elementor-inner-section elementor-element elementor-element-0f9d154 elementor-section-boxed elementor-section-height-default elementor-section-height-default\" data-id=\"0f9d154\" data-element_type=\"section\" data-e-type=\"section\">\n\t\t\t\t\t\t<div class=\"elementor-container elementor-column-gap-default\">\n\t\t\t\t\t<div class=\"elementor-column elementor-col-50 elementor-inner-column elementor-element elementor-element-d8bd0ff\" data-id=\"d8bd0ff\" data-element_type=\"column\" data-e-type=\"column\">\n\t\t\t<div class=\"elementor-widget-wrap elementor-element-populated\">\n\t\t\t\t\t\t<div class=\"elementor-element elementor-element-1fe0b59 elementor-widget__width-inherit elementor-widget elementor-widget-shortcode\" data-id=\"1fe0b59\" data-element_type=\"widget\" data-e-type=\"widget\" data-widget_type=\"shortcode.default\">\n\t\t\t\t<div class=\"elementor-widget-container\">\n\t\t\t\t\t\t\t<div class=\"elementor-shortcode\"><div class=\"map_wrapper\" id=\"map_wrapper_1770\">\n<div class=\"map_box\" style=\"max-width:1600px\">\n<div class=\"map_aspect_ratio\" style=\"padding-top:90%\" data-padding-top=\"90%\" data-padding-top-mobile=\"0%\">\n<div class=\"map_container\">\n<div class=\"map_render map_loading\" id=\"map_1770\"><\/div>\n<\/div>\n<\/div>\n<\/div>\n<\/div><\/div>\n\t\t\t\t\t\t<\/div>\n\t\t\t\t<\/div>\n\t\t\t\t\t<\/div>\n\t\t<\/div>\n\t\t\t\t<div class=\"elementor-column elementor-col-50 elementor-inner-column elementor-element elementor-element-158c4da\" data-id=\"158c4da\" data-element_type=\"column\" data-e-type=\"column\">\n\t\t\t<div class=\"elementor-widget-wrap elementor-element-populated\">\n\t\t\t\t\t\t<div class=\"elementor-element elementor-element-c73f259 elementor-widget elementor-widget-text-editor\" data-id=\"c73f259\" data-element_type=\"widget\" data-e-type=\"widget\" data-widget_type=\"text-editor.default\">\n\t\t\t\t<div class=\"elementor-widget-container\">\n\t\t\t\t\t\t\t\t\t<h3><strong>Uni\u00f3n de Cooperativas de Ense\u00f1anza de Trabajo Asociado de Madrid (UCETAM)<\/strong><\/h3><p><strong><a class=\"dt-single-image\" href=\"http:\/\/uecoe.es\/wp-content\/uploads\/2016\/04\/madrid.jpg\" data-dt-img-description=\"\"><img fetchpriority=\"high\" decoding=\"async\" class=\"aligncenter wp-image-324 size-medium\" src=\"http:\/\/uecoe.es\/wp-content\/uploads\/2016\/04\/madrid-300x194.jpg\" alt=\"madrid\" width=\"300\" height=\"194\" \/><\/a>Direcci\u00f3n de la organizaci\u00f3n\u00a0 \u00a0 \u00a0 \u00a0 \u00a0 \u00a0 \u00a0 \u00a0 \u00a0 \u00a0 \u00a0 \u00a0 \u00a0 \u00a0 \u00a0 \u00a0 \u00a0 \u00a0 \u00a0 \u00a0 \u00a0 \u00a0 \u00a0 \u00a0 \u00a0 \u00a0 \u00a0 \u00a0 \u00a0 \u00a0 \u00a0 \u00a0 \u00a0 \u00a0 \u00a0 \u00a0 \u00a0 \u00a0 <\/strong>C\/ Guzm\u00e1n el Bueno, 133 &#8211; Edificio Britania \u2013 1\u00ba D\u00a0 \u00a0 \u00a0 \u00a0 \u00a0 \u00a0 \u00a0 \u00a0 \u00a0 \u00a0 \u00a0 \u00a0 \u00a0 \u00a0 \u00a0 \u00a0 \u00a0 \u00a0 \u00a0 \u00a0 \u00a0 \u00a0 28003 &#8211; Madrid<\/p><p><strong>Tel\u00e9fono:<\/strong> 914480622\u00a0\u00a0\u00a0<\/p><p><strong>E-Mail <\/strong>: <a href=\"mailto:formacion@ucetam.es\">formacion@ucetam.es<\/a><\/p><p><strong>Web:<\/strong> <a href=\"http:\/\/www.ucetam.es\/\">http:\/\/www.ucetam.es\/<\/a><\/p><p><strong>Persona de contacto\/Consejero: <\/strong>Javier Mart\u00ednez Cuaresma<\/p><p><strong>Misi\u00f3n\u00a0 \u00a0 \u00a0 \u00a0 \u00a0 \u00a0 \u00a0 \u00a0 \u00a0 \u00a0 \u00a0 \u00a0 \u00a0 \u00a0 \u00a0 \u00a0 \u00a0 \u00a0 \u00a0 \u00a0 \u00a0 \u00a0 \u00a0 \u00a0 \u00a0 \u00a0 \u00a0 \u00a0 \u00a0 \u00a0 \u00a0 \u00a0 \u00a0 \u00a0 \u00a0 \u00a0 \u00a0 \u00a0 \u00a0 \u00a0 \u00a0 \u00a0 \u00a0 \u00a0 \u00a0 \u00a0 \u00a0 \u00a0 \u00a0 \u00a0 \u00a0 \u00a0 \u00a0 \u00a0 \u00a0 \u00a0<\/strong>La Uni\u00f3n de Cooperativas de Ense\u00f1anza de Trabajo Asociado de Madrid (UCETAM), es una organizaci\u00f3n independiente que se cre\u00f3 en 1985 y su actividad se organiza en torno a estas l\u00edneas de trabajo:<\/p><ul><li>Defensa y representaci\u00f3n del movimiento cooperativo ense\u00f1ante.<\/li><li>Asesoramiento jur\u00eddico a nuestros asociados.<\/li><li>Desarrollo de planes de formaci\u00f3n continua en nuestras empresas.<\/li><li>Coordinaci\u00f3n de planes pedag\u00f3gicos y empresariales que presenten las se\u00f1as de identidad, filosof\u00eda y valores del movimiento ense\u00f1ante en el sector de la Econom\u00eda Social madrile\u00f1a.<\/li><li>Promoci\u00f3n y difusi\u00f3n del cooperativismo en nuestros colegios asociados.<\/li><li>Asesoramiento en pol\u00edticas de biling\u00fcismo y TIC.<\/li><li>Fomento de la \u00ednter-cooperaci\u00f3n entre todos nuestros colegios asociados.<\/li><\/ul><p><strong>\u00a0<\/strong><strong>Servicios que se ofertan<\/strong><\/p><ul><li><strong>DEFENSA Y REPRESENTACI\u00d3N DEL MOVIMIENTO COOPERATIVO ENSE\u00d1ANTE<\/strong><br \/>Intervenci\u00f3n ante la Administraci\u00f3n estatal como auton\u00f3mica para resolver los problemas del conjunto de las cooperativas de ense\u00f1anza planteando sus reivindicaciones. Representaci\u00f3n ante la Administraci\u00f3n, entidades e instituciones y ante los organismos intercooperativos de \u00e1mbito auton\u00f3mico o estatal.<\/li><li><strong>TRABAJANDO POR UNA POLITICA DE APOYO AL COOPERATIVISMO<\/strong><strong><br \/><\/strong>Dedicamos gran parte de nuestros esfuerzos a las relaciones con las distintas Administraciones con el objetivo de que \u00e9stas aumenten los presupuestos destinados a la promoci\u00f3n de cooperativas. Para que conozcan y comprendan que las cooperativas son empresas democr\u00e1ticas, donde prima el trabajo sobre el capital, que fomentan la creaci\u00f3n de empleo, y por tanto todo el que defienda estos valores debe apoyarlas.<\/li><li><strong>EXIGIENDO UNA LEGISLACION M\u00c1S ADECUADA<\/strong><strong><br \/><\/strong>El marco legislativo tiene consecuencias importantes y este es otro de nuestros \u00e1mbitos de actuaci\u00f3n. En abril de 1.999 se aprueba la primera la Ley de Cooperativas de la Comunidad de Madrid (Ley 4\/1999,de 30 de marzo) y se prev\u00e9 que durante este mismo a\u00f1o se publique una nueva Ley General de Cooperativas.<\/li><li><strong>SOLICITANDO AYUDAS PARA LAS COOPERATIVAS UCETAM<\/strong><br \/>Apoya a las cooperativas en sus relaciones con la administraci\u00f3n, bien solicitando ayuda para estas o bien inform\u00e1ndoles de cu\u00e1l es el mejor camino a seguir en el complejo entramado institucional y burocr\u00e1tico.<\/li><li><strong>PROMOCI\u00d3N Y FOMENTO DEL COOPERATIVISMO<\/strong><br \/>Uno de los objetivos que se fijo UCETAM desde el primer momento fue apoyar la creaci\u00f3n de nuevas cooperativas, as\u00ed como la mejora continua de las que ya cuentan con a\u00f1os de experiencia. Entre las acciones que UCETAM realiza en este campo:\u00a0 \u00a0 \u00a0 \u00a0 \u00a0 \u00a0 \u00a0 \u00a0 \u00a0 \u00a0 \u00a0 \u00a0 \u00a0 \u00a0 \u00a0 \u00a0 \u00a0 \u00a0 \u00a0 \u00a0 \u00a0 \u00a0 \u00a0 \u00a0 \u00a0 \u00a0 \u00a0 \u00a0 \u00a0 \u00a0 \u00a0 \u00a0 \u00a0&#8211;\u00a0 Difusi\u00f3n de los valores y principios cooperativos\u00a0 \u00a0 \u00a0 \u00a0 \u00a0 \u00a0 \u00a0 \u00a0 \u00a0 \u00a0 \u00a0 \u00a0 \u00a0 \u00a0 \u00a0 \u00a0 \u00a0 \u00a0 \u00a0&#8211;\u00a0 Exposici\u00f3n de las ventajas de las empresas cooperativas\u00a0 \u00a0 \u00a0 \u00a0 \u00a0 \u00a0 \u00a0 \u00a0 \u00a0 \u00a0 \u00a0 \u00a0&#8211;\u00a0 Asesoramiento sobre la constituci\u00f3n de cooperativas\u00a0 \u00a0 \u00a0 \u00a0 \u00a0 \u00a0 \u00a0 \u00a0 \u00a0 \u00a0 \u00a0 \u00a0 \u00a0 \u00a0&#8211;\u00a0 Atenci\u00f3n a grupos promotores de cooperativas<\/li><li><strong>SERVICIOS A LAS COOPERATIVAS EN UCETAM\u00a0 \u00a0 \u00a0 \u00a0 \u00a0 \u00a0 \u00a0 \u00a0 \u00a0 \u00a0 \u00a0 \u00a0 \u00a0 \u00a0 \u00a0 \u00a0 <\/strong>Nos preocupamos de apoyar a las cooperativas en el d\u00eda a d\u00eda, por ello la prestaci\u00f3n de servicios ocupa una buena parte de nuestra actividad. Entre otros servicios destacar:\u00a0 \u00a0 \u00a0 \u00a0 \u00a0 \u00a0 \u00a0 \u00a0 \u00a0 \u00a0 \u00a0 \u00a0 \u00a0 \u00a0 \u00a0 \u00a0 \u00a0 \u00a0 \u00a0 \u00a0 \u00a0 \u00a0 \u00a0 \u00a0 \u00a0 \u00a0 \u00a0 \u00a0 \u00a0 \u00a0 \u00a0 \u00a0 \u00a0 \u00a0 &#8211;\u00a0 Asesoramiento jur\u00eddico, fiscal, laboral, pedag\u00f3gico y societario.\u00a0 \u00a0 \u00a0 \u00a0 \u00a0 \u00a0 &#8211;\u00a0 Formaci\u00f3n dirigida a los socios y trabajadores de cooperativas.\u00a0 \u00a0 \u00a0 \u00a0 \u00a0 \u00a0 &#8211;\u00a0 Informaci\u00f3n puntual sobre diferentes temas de inter\u00e9s para nuestras\u00a0 \u00a0 \u00a0 \u00a0cooperativas tanto en el \u00e1mbito educativo como en el empresarial.\u00a0 \u00a0 \u00a0 &#8211; Organizar proyectos y actividades de intercooperaci\u00f3n.<\/li><\/ul><p><strong>Tipo de centros que la componen\u00a0 \u00a0 \u00a0 \u00a0 \u00a0 \u00a0 \u00a0 \u00a0 \u00a0 \u00a0 \u00a0 \u00a0 \u00a0 \u00a0 \u00a0 \u00a0 \u00a0 \u00a0 \u00a0 \u00a0 \u00a0 \u00a0 \u00a0 \u00a0 \u00a0 \u00a0 \u00a0 \u00a0 \u00a0 \u00a0 \u00a0 \u00a0 \u00a0 <\/strong>En la actualidad agrupa a 104 Cooperativas de Ense\u00f1anza, Sociedades Laborales, Fundaciones y Asociaciones, en la f\u00f3rmula jur\u00eddica y asociativa de empresas de Econom\u00eda Social, que imparten Educaci\u00f3n Infantil, Educaci\u00f3n Primaria, Educaci\u00f3n Secundaria Obligatoria, Bachilleres, Formaci\u00f3n Profesional y ofertan actividades complementarias y extraescolares.<\/p><p><strong>Datos de inter\u00e9s\u00a0 \u00a0 \u00a0 \u00a0 \u00a0 \u00a0 \u00a0 \u00a0 \u00a0 \u00a0 \u00a0 \u00a0 \u00a0 \u00a0 \u00a0 \u00a0 \u00a0 \u00a0 \u00a0 \u00a0 \u00a0 \u00a0 \u00a0 \u00a0 \u00a0 \u00a0 \u00a0 \u00a0 \u00a0 \u00a0 \u00a0 \u00a0 \u00a0 \u00a0 \u00a0 \u00a0 \u00a0 \u00a0 \u00a0 \u00a0 \u00a0 \u00a0 \u00a0 \u00a0 \u00a0 \u00a0 \u00a0 \u00a0 <\/strong>La Uni\u00f3n de Cooperativas de Ense\u00f1anza de Trabajo Asociado de Madrid pertenece a la U.E.Co.E. desde su constituci\u00f3n.<\/p><p>La Uni\u00f3n de Cooperativas de Ense\u00f1anza de Trabajo Asociado de Madrid (UCETAM), es una organizaci\u00f3n independiente que se cre\u00f3 en 1985 y en la actualidad agrupa a 104 cooperativas de ense\u00f1anza, Sociedades Laborales, Fundaciones y Asociaciones, en la f\u00f3rmula jur\u00eddica y asociativa de empresas de Econom\u00eda Social.<\/p>\t\t\t\t\t\t\t\t<\/div>\n\t\t\t\t<\/div>\n\t\t\t\t\t<\/div>\n\t\t<\/div>\n\t\t\t\t\t<\/div>\n\t\t<\/section>\n\t\t\t\t\t<\/div>\n\t\t<\/div>\n\t\t\t\t\t<\/div>\n\t\t<\/section>\n\t\t\t\t<\/div>","protected":false},"excerpt":{"rendered":"<p>Uni\u00f3n de Cooperativas de Ense\u00f1anza de Trabajo Asociado de Madrid (UCETAM) Direcci\u00f3n de la organizaci\u00f3n\u00a0 \u00a0 \u00a0 \u00a0 \u00a0 \u00a0 \u00a0 \u00a0 \u00a0 \u00a0 \u00a0 \u00a0 \u00a0 \u00a0 \u00a0 \u00a0 \u00a0 \u00a0 \u00a0 \u00a0 \u00a0 \u00a0 \u00a0 \u00a0 \u00a0 \u00a0 \u00a0 \u00a0 \u00a0 \u00a0 \u00a0 \u00a0 \u00a0 \u00a0 \u00a0 \u00a0 \u00a0 \u00a0 C\/ Guzm\u00e1n el &#8230; <a title=\"madrid\" class=\"read-more\" href=\"https:\/\/uecoe.es\/en\/asociados\/madrid\/\" aria-label=\"Read more about madrid\">Read more<\/a><\/p>","protected":false},"author":6,"featured_media":0,"parent":1479,"menu_order":0,"comment_status":"closed","ping_status":"closed","template":"","meta":{"footnotes":""},"class_list":["post-1884","page","type-page","status-publish"],"_links":{"self":[{"href":"https:\/\/uecoe.es\/en\/wp-json\/wp\/v2\/pages\/1884","targetHints":{"allow":["GET"]}}],"collection":[{"href":"https:\/\/uecoe.es\/en\/wp-json\/wp\/v2\/pages"}],"about":[{"href":"https:\/\/uecoe.es\/en\/wp-json\/wp\/v2\/types\/page"}],"author":[{"embeddable":true,"href":"https:\/\/uecoe.es\/en\/wp-json\/wp\/v2\/users\/6"}],"replies":[{"embeddable":true,"href":"https:\/\/uecoe.es\/en\/wp-json\/wp\/v2\/comments?post=1884"}],"version-history":[{"count":25,"href":"https:\/\/uecoe.es\/en\/wp-json\/wp\/v2\/pages\/1884\/revisions"}],"predecessor-version":[{"id":3458,"href":"https:\/\/uecoe.es\/en\/wp-json\/wp\/v2\/pages\/1884\/revisions\/3458"}],"up":[{"embeddable":true,"href":"https:\/\/uecoe.es\/en\/wp-json\/wp\/v2\/pages\/1479"}],"wp:attachment":[{"href":"https:\/\/uecoe.es\/en\/wp-json\/wp\/v2\/media?parent=1884"}],"curies":[{"name":"wp","href":"https:\/\/api.w.org\/{rel}","templated":true}]}}