{"id":1908,"date":"2023-11-21T00:58:12","date_gmt":"2023-11-21T00:58:12","guid":{"rendered":"https:\/\/uecoe.es\/?page_id=1908"},"modified":"2024-04-05T10:16:37","modified_gmt":"2024-04-05T10:16:37","slug":"valencia","status":"publish","type":"page","link":"https:\/\/uecoe.es\/en\/asociados\/valencia\/","title":{"rendered":"valencia"},"content":{"rendered":"<div data-elementor-type=\"wp-page\" data-elementor-id=\"1908\" class=\"elementor elementor-1908\" data-elementor-post-type=\"page\">\n\t\t\t\t\t\t<section class=\"elementor-section elementor-top-section elementor-element elementor-element-86f4e89 elementor-section-boxed elementor-section-height-default elementor-section-height-default\" data-id=\"86f4e89\" data-element_type=\"section\" data-e-type=\"section\">\n\t\t\t\t\t\t<div class=\"elementor-container elementor-column-gap-default\">\n\t\t\t\t\t<div class=\"elementor-column elementor-col-100 elementor-top-column elementor-element elementor-element-2f49fe9\" data-id=\"2f49fe9\" data-element_type=\"column\" data-e-type=\"column\">\n\t\t\t<div class=\"elementor-widget-wrap elementor-element-populated\">\n\t\t\t\t\t\t<section class=\"elementor-section elementor-inner-section elementor-element elementor-element-0f9d154 elementor-section-boxed elementor-section-height-default elementor-section-height-default\" data-id=\"0f9d154\" data-element_type=\"section\" data-e-type=\"section\">\n\t\t\t\t\t\t<div class=\"elementor-container elementor-column-gap-default\">\n\t\t\t\t\t<div class=\"elementor-column elementor-col-50 elementor-inner-column elementor-element elementor-element-d8bd0ff\" data-id=\"d8bd0ff\" data-element_type=\"column\" data-e-type=\"column\">\n\t\t\t<div class=\"elementor-widget-wrap elementor-element-populated\">\n\t\t\t\t\t\t<div class=\"elementor-element elementor-element-1fe0b59 elementor-widget__width-inherit elementor-widget elementor-widget-shortcode\" data-id=\"1fe0b59\" data-element_type=\"widget\" data-e-type=\"widget\" data-widget_type=\"shortcode.default\">\n\t\t\t\t<div class=\"elementor-widget-container\">\n\t\t\t\t\t\t\t<div class=\"elementor-shortcode\"><div class=\"map_wrapper\" id=\"map_wrapper_1770\">\n<div class=\"map_box\" style=\"max-width:1600px\">\n<div class=\"map_aspect_ratio\" style=\"padding-top:90%\" data-padding-top=\"90%\" data-padding-top-mobile=\"0%\">\n<div class=\"map_container\">\n<div class=\"map_render map_loading\" id=\"map_1770\"><\/div>\n<\/div>\n<\/div>\n<\/div>\n<\/div><\/div>\n\t\t\t\t\t\t<\/div>\n\t\t\t\t<\/div>\n\t\t\t\t\t<\/div>\n\t\t<\/div>\n\t\t\t\t<div class=\"elementor-column elementor-col-50 elementor-inner-column elementor-element elementor-element-158c4da\" data-id=\"158c4da\" data-element_type=\"column\" data-e-type=\"column\">\n\t\t\t<div class=\"elementor-widget-wrap elementor-element-populated\">\n\t\t\t\t\t\t<div class=\"elementor-element elementor-element-c73f259 elementor-widget elementor-widget-text-editor\" data-id=\"c73f259\" data-element_type=\"widget\" data-e-type=\"widget\" data-widget_type=\"text-editor.default\">\n\t\t\t\t<div class=\"elementor-widget-container\">\n\t\t\t\t\t\t\t\t\t<h3><strong>Uni\u00f3 de Cooperatives d\u00b4 Ensenyament \u00a0Valencianes (UCEV)<\/strong><\/h3><p><strong><a class=\"dt-single-image\" href=\"http:\/\/uecoe.es\/wp-content\/uploads\/2016\/04\/UCEV.jpg\" data-dt-img-description=\"\"><img decoding=\"async\" class=\"wp-image-361 aligncenter\" src=\"http:\/\/uecoe.es\/wp-content\/uploads\/2016\/04\/UCEV-300x201.jpg\" alt=\"UCEV\" width=\"197\" height=\"131\" \/><\/a>\u00a0<\/strong><\/p><p><strong>Direcci\u00f3n de la organizaci\u00f3n\u00a0 \u00a0 \u00a0 \u00a0 \u00a0 \u00a0 \u00a0 \u00a0 \u00a0 \u00a0 \u00a0 \u00a0 \u00a0 \u00a0 \u00a0 \u00a0 \u00a0 \u00a0 \u00a0 \u00a0 \u00a0 \u00a0 \u00a0 \u00a0 \u00a0 \u00a0 \u00a0 \u00a0 \u00a0 \u00a0 \u00a0 \u00a0 \u00a0 \u00a0 \u00a0 \u00a0 \u00a0 \u00a0 <\/strong>C\/ Arzobispo Mayoral, 11-B\u00a0 \u00a0 \u00a0 \u00a0 \u00a0 \u00a0 \u00a0 \u00a0 \u00a0 \u00a0 \u00a0 \u00a0 \u00a0 \u00a0 \u00a0 \u00a0 \u00a0 \u00a0 \u00a0 \u00a0 \u00a0 \u00a0 \u00a0 \u00a0 \u00a0 \u00a0 \u00a0 \u00a0 \u00a0 \u00a0 \u00a0 \u00a0 \u00a0 \u00a0 \u00a0 \u00a0 \u00a0 \u00a0 \u00a0 \u00a0 46002 &#8211; Valencia<\/p><p><strong>Tel\u00e9fonos<\/strong>: 963 521386 \/ 963 515029\u00a0<\/p><p><strong>E-Mail<\/strong>: <a href=\"mailto:ucev@ucev.coop\">ucev@ucev.coop<\/a><\/p><p><strong>Web:<\/strong> <a href=\"http:\/\/www.ucev.coop\/\">http:\/\/www.ucev.coop\/<\/a><\/p><p><strong>Canal youtube es:<\/strong> <a href=\"https:\/\/www.youtube.com\/channel\/UCUZB0BHew4q-timbyGmJnmw\">UCEVCOOP<\/a><strong><a href=\"https:\/\/www.youtube.com\/channel\/UCUZB0BHew4q-timbyGmJnmw\"> C\u00a0<\/a><\/strong><\/p><p><strong>Facebook:<\/strong> <a href=\"https:\/\/www.facebook.com\/LAUCEV?ref=hl\">https:\/\/www.facebook.com\/LAUCEV?ref=hl<\/a><\/p><p><strong>X:<\/strong> @LA_UCEV<\/p><p><strong>Personas de contacto:<\/strong><\/p><ul><li><strong>Presidencia:<\/strong> Miquel Ruiz Collado &#8211; <strong>Email:<\/strong> presidencia@ucev.coop<\/li><li><strong>Secretar\u00eda T\u00e9cnica:<\/strong> Pepe Albors Orengo &#8211; <strong>Email:<\/strong> ucev@ucev.coop<\/li><li><strong>Comunicaci\u00f3n:<\/strong> Ana Real Sebastian &#8211; <strong>Email:<\/strong> comunicacio@ucev.coop<\/li><\/ul><p><strong>Misi\u00f3n<\/strong><\/p><ul><li>Representar y defender los intereses de las Cooperativas de Ense\u00f1anza de la Comunidad Valenciana.<\/li><li>Promocionar y fomentar la creaci\u00f3n de cooperativas de ense\u00f1anza y difundir el esp\u00edritu y filosof\u00eda cooperativa al resto de la comunidad educativa.<\/li><\/ul><p><strong>Servicios que se ofertan<\/strong><\/p><ul><li>Informaci\u00f3n general de temas educativos y laborales.<\/li><li>Representaci\u00f3n ante las Administraciones de Trabajo y educativa.<\/li><li>Formaci\u00f3n del Profesorado: Organizaci\u00f3n de cursos, jornadas y seminarios.<\/li><li>Coordinaci\u00f3n de acciones intercooperativas entre sus asociados.<\/li><\/ul><p><strong>Tipo de centros que la componen\u00a0 \u00a0 \u00a0 \u00a0 \u00a0 \u00a0 \u00a0 \u00a0 \u00a0 \u00a0 \u00a0 \u00a0 \u00a0 \u00a0 \u00a0 \u00a0 \u00a0 \u00a0 \u00a0 \u00a0 \u00a0 \u00a0 \u00a0 \u00a0 \u00a0 <\/strong><\/p><p>Cooperativas de trabajo asociado de ense\u00f1anza que imparten Educaci\u00f3n Infantil, Educaci\u00f3n Primaria, Educaci\u00f3n Secundaria Obligatoria, Bachilleres, Formaci\u00f3n Profesional, estudios universitarios y ofertan actividades complementarias y extraescolares.<\/p><p><strong>Datos de inter\u00e9s\u00a0 \u00a0 \u00a0 \u00a0 \u00a0 \u00a0 \u00a0 \u00a0 \u00a0 \u00a0 \u00a0 \u00a0 \u00a0 \u00a0 \u00a0 \u00a0 \u00a0 \u00a0 \u00a0 \u00a0 \u00a0 \u00a0 \u00a0 \u00a0 \u00a0 \u00a0 \u00a0 \u00a0 \u00a0 \u00a0 \u00a0 \u00a0 \u00a0 \u00a0 \u00a0 \u00a0 \u00a0 \u00a0 \u00a0 \u00a0 \u00a0 \u00a0 \u00a0 \u00a0 \u00a0 \u00a0 \u00a0 \u00a0 \u00a0 \u00a0 <\/strong><\/p><p>La UCEV es la entidad que representa y defiende los intereses de las cooperativas de ense\u00f1anza de la Comunidad Valenciana. Legalmente constituida en 1998, comenz\u00f3 su camino mucho antes como Secci\u00f3n de Ense\u00f1anza de la Federaci\u00f3n Valenciana de Empresas Cooperativas de Trabajo Asociado (FEVECTA).<\/p><p>La UCEV nace con una clara vocaci\u00f3n de representar el cooperativismo de ense\u00f1anza ante los foros educativos, as\u00ed como de establecer relaciones con las organizaciones empresariales y sindicales del sector. Asimismo, cuenta entre sus objetivos primordiales con el reto de dinamizar y estructurar el movimiento cooperativo dedicado a la educaci\u00f3n.<\/p><p>Pero, m\u00e1s all\u00e1 de la necesaria tarea de estructuraci\u00f3n y consolidaci\u00f3n del sector en el \u00e1mbito institucional, <em>La Uni\u00f3 de Cooperatives d\u00b4 Ensenyament Valencianes<\/em> basa su cometido actual en el establecimiento de una estrategia que le permita liderar una renovaci\u00f3n pedag\u00f3gica en el sector educativo, de acuerdo a los principios sociales y econ\u00f3micos del cooperativismo y los valores de una educaci\u00f3n abierta, democr\u00e1tica y plural.<\/p>\t\t\t\t\t\t\t\t<\/div>\n\t\t\t\t<\/div>\n\t\t\t\t\t<\/div>\n\t\t<\/div>\n\t\t\t\t\t<\/div>\n\t\t<\/section>\n\t\t\t\t\t<\/div>\n\t\t<\/div>\n\t\t\t\t\t<\/div>\n\t\t<\/section>\n\t\t\t\t<\/div>","protected":false},"excerpt":{"rendered":"<p>Uni\u00f3 de Cooperatives d\u00b4 Ensenyament \u00a0Valencianes (UCEV) \u00a0 Direcci\u00f3n de la organizaci\u00f3n\u00a0 \u00a0 \u00a0 \u00a0 \u00a0 \u00a0 \u00a0 \u00a0 \u00a0 \u00a0 \u00a0 \u00a0 \u00a0 \u00a0 \u00a0 \u00a0 \u00a0 \u00a0 \u00a0 \u00a0 \u00a0 \u00a0 \u00a0 \u00a0 \u00a0 \u00a0 \u00a0 \u00a0 \u00a0 \u00a0 \u00a0 \u00a0 \u00a0 \u00a0 \u00a0 \u00a0 \u00a0 \u00a0 C\/ Arzobispo Mayoral, 11-B\u00a0 \u00a0 \u00a0 &#8230; <a title=\"valencia\" class=\"read-more\" href=\"https:\/\/uecoe.es\/en\/asociados\/valencia\/\" aria-label=\"Read more about valencia\">Read more<\/a><\/p>","protected":false},"author":6,"featured_media":0,"parent":1479,"menu_order":0,"comment_status":"closed","ping_status":"closed","template":"","meta":{"footnotes":""},"class_list":["post-1908","page","type-page","status-publish"],"_links":{"self":[{"href":"https:\/\/uecoe.es\/en\/wp-json\/wp\/v2\/pages\/1908","targetHints":{"allow":["GET"]}}],"collection":[{"href":"https:\/\/uecoe.es\/en\/wp-json\/wp\/v2\/pages"}],"about":[{"href":"https:\/\/uecoe.es\/en\/wp-json\/wp\/v2\/types\/page"}],"author":[{"embeddable":true,"href":"https:\/\/uecoe.es\/en\/wp-json\/wp\/v2\/users\/6"}],"replies":[{"embeddable":true,"href":"https:\/\/uecoe.es\/en\/wp-json\/wp\/v2\/comments?post=1908"}],"version-history":[{"count":16,"href":"https:\/\/uecoe.es\/en\/wp-json\/wp\/v2\/pages\/1908\/revisions"}],"predecessor-version":[{"id":3309,"href":"https:\/\/uecoe.es\/en\/wp-json\/wp\/v2\/pages\/1908\/revisions\/3309"}],"up":[{"embeddable":true,"href":"https:\/\/uecoe.es\/en\/wp-json\/wp\/v2\/pages\/1479"}],"wp:attachment":[{"href":"https:\/\/uecoe.es\/en\/wp-json\/wp\/v2\/media?parent=1908"}],"curies":[{"name":"wp","href":"https:\/\/api.w.org\/{rel}","templated":true}]}}