{"id":2603,"date":"2024-01-26T20:33:56","date_gmt":"2024-01-26T20:33:56","guid":{"rendered":"https:\/\/uecoe.es\/?page_id=2603"},"modified":"2024-04-05T10:24:00","modified_gmt":"2024-04-05T10:24:00","slug":"ceuta","status":"publish","type":"page","link":"https:\/\/uecoe.es\/en\/asociados\/ceuta\/","title":{"rendered":"ceuta"},"content":{"rendered":"<div data-elementor-type=\"wp-page\" data-elementor-id=\"2603\" class=\"elementor elementor-2603\" data-elementor-post-type=\"page\">\n\t\t\t\t\t\t<section class=\"elementor-section elementor-top-section elementor-element elementor-element-0c6c36f elementor-section-boxed elementor-section-height-default elementor-section-height-default\" data-id=\"0c6c36f\" data-element_type=\"section\" data-e-type=\"section\">\n\t\t\t\t\t\t<div class=\"elementor-container elementor-column-gap-default\">\n\t\t\t\t\t<div class=\"elementor-column elementor-col-100 elementor-top-column elementor-element elementor-element-d2164ae\" data-id=\"d2164ae\" data-element_type=\"column\" data-e-type=\"column\">\n\t\t\t<div class=\"elementor-widget-wrap elementor-element-populated\">\n\t\t\t\t\t\t<section class=\"elementor-section elementor-inner-section elementor-element elementor-element-5e9d9c6 elementor-section-boxed elementor-section-height-default elementor-section-height-default\" data-id=\"5e9d9c6\" data-element_type=\"section\" data-e-type=\"section\">\n\t\t\t\t\t\t<div class=\"elementor-container elementor-column-gap-default\">\n\t\t\t\t\t<div class=\"elementor-column elementor-col-50 elementor-inner-column elementor-element elementor-element-295d2ca\" data-id=\"295d2ca\" data-element_type=\"column\" data-e-type=\"column\">\n\t\t\t<div class=\"elementor-widget-wrap elementor-element-populated\">\n\t\t\t\t\t\t<div class=\"elementor-element elementor-element-6d2dc91 elementor-widget__width-inherit elementor-widget elementor-widget-shortcode\" data-id=\"6d2dc91\" data-element_type=\"widget\" data-e-type=\"widget\" data-widget_type=\"shortcode.default\">\n\t\t\t\t<div class=\"elementor-widget-container\">\n\t\t\t\t\t\t\t<div class=\"elementor-shortcode\"><div class=\"map_wrapper\" id=\"map_wrapper_1770\">\n<div class=\"map_box\" style=\"max-width:1600px\">\n<div class=\"map_aspect_ratio\" style=\"padding-top:90%\" data-padding-top=\"90%\" data-padding-top-mobile=\"0%\">\n<div class=\"map_container\">\n<div class=\"map_render map_loading\" id=\"map_1770\"><\/div>\n<\/div>\n<\/div>\n<\/div>\n<\/div><\/div>\n\t\t\t\t\t\t<\/div>\n\t\t\t\t<\/div>\n\t\t\t\t\t<\/div>\n\t\t<\/div>\n\t\t\t\t<div class=\"elementor-column elementor-col-50 elementor-inner-column elementor-element elementor-element-83a8acf\" data-id=\"83a8acf\" data-element_type=\"column\" data-e-type=\"column\">\n\t\t\t<div class=\"elementor-widget-wrap elementor-element-populated\">\n\t\t\t\t\t\t<div class=\"elementor-element elementor-element-82d14da elementor-widget elementor-widget-text-editor\" data-id=\"82d14da\" data-element_type=\"widget\" data-e-type=\"widget\" data-widget_type=\"text-editor.default\">\n\t\t\t\t<div class=\"elementor-widget-container\">\n\t\t\t\t\t\t\t\t\t<h3><strong>Agrupaci\u00f3n de Cooperativas de Ense\u00f1anza de Ceuta (UECoE Ceuta)<\/strong><\/h3><p>\u00a0<\/p><p><strong><a class=\"dt-single-image\" href=\"http:\/\/uecoe.es\/wp-content\/uploads\/2016\/04\/Ceuta.jpg\" data-dt-img-description=\"\"><img decoding=\"async\" class=\"size-medium wp-image-453 aligncenter\" src=\"http:\/\/uecoe.es\/wp-content\/uploads\/2016\/04\/Ceuta-300x127.jpg\" sizes=\"(max-width: 300px) 100vw, 300px\" srcset=\"https:\/\/uecoe.endesys.net\/wp-content\/uploads\/2016\/04\/Ceuta-300x127.jpg 300w, https:\/\/uecoe.endesys.net\/wp-content\/uploads\/2016\/04\/Ceuta.jpg 344w\" alt=\"Ceuta\" width=\"300\" height=\"127\" \/><\/a><a class=\"dt-single-image\" href=\"http:\/\/uecoe.es\/wp-content\/uploads\/2016\/04\/ceuta_melilla.jpg\" data-dt-img-description=\"\"><img decoding=\"async\" class=\"size-medium wp-image-351 aligncenter\" src=\"http:\/\/uecoe.es\/wp-content\/uploads\/2016\/04\/ceuta_melilla-300x150.jpg\" sizes=\"(max-width: 300px) 100vw, 300px\" srcset=\"https:\/\/uecoe.endesys.net\/wp-content\/uploads\/2016\/04\/ceuta_melilla-300x150.jpg 300w, https:\/\/uecoe.endesys.net\/wp-content\/uploads\/2016\/04\/ceuta_melilla.jpg 633w\" alt=\"ceuta_melilla\" width=\"300\" height=\"150\" \/><\/a><\/strong><\/p><p>La Agrupaci\u00f3n de Cooperativas de Ense\u00f1anza de Ceuta pertenecientes a UECoE est\u00e1 compuesta por los siguientes centros educativos:<\/p><h5><strong><span style=\"text-decoration: underline;\">Colegio San Daniel\u00a0<\/span> \u00a0 \u00a0 \u00a0 \u00a0 \u00a0 \u00a0 \u00a0 \u00a0 \u00a0 \u00a0 \u00a0 \u00a0 \u00a0 \u00a0 \u00a0 \u00a0 \u00a0 \u00a0 \u00a0 \u00a0 \u00a0 \u00a0 \u00a0 \u00a0 \u00a0 \u00a0 \u00a0 \u00a0 \u00a0 \u00a0 \u00a0 \u00a0 \u00a0 \u00a0 <\/strong><\/h5><p><strong>Direcci\u00f3n del centro\u00a0 \u00a0 \u00a0 \u00a0 \u00a0 \u00a0 \u00a0 \u00a0 \u00a0 \u00a0 \u00a0 \u00a0 \u00a0 \u00a0 \u00a0 \u00a0 \u00a0 \u00a0 \u00a0 \u00a0 \u00a0 \u00a0 \u00a0 \u00a0 \u00a0 \u00a0 \u00a0 \u00a0 \u00a0 \u00a0 \u00a0 \u00a0 \u00a0 \u00a0 \u00a0 \u00a0 \u00a0 \u00a0 \u00a0 \u00a0 \u00a0 \u00a0 \u00a0 \u00a0 \u00a0 \u00a0 <\/strong>Avda. de Espa\u00f1a, s\/n\u00a0 \u00a0 \u00a0 \u00a0 \u00a0 \u00a0 \u00a0 \u00a0 \u00a0 \u00a0 \u00a0 \u00a0 \u00a0 \u00a0 \u00a0 \u00a0 \u00a0 \u00a0 \u00a0 \u00a0 \u00a0 \u00a0 \u00a0 \u00a0 \u00a0 \u00a0 \u00a0 \u00a0 \u00a0 \u00a0 \u00a0 \u00a0 \u00a0 \u00a0 \u00a0 \u00a0 \u00a0 \u00a0 \u00a0 \u00a0 \u00a0 \u00a0 \u00a0 \u00a0 \u00a0 \u00a0 \u00a0 51002- Ceuta<\/p><p><strong>Tel\u00e9fono<\/strong>: 956-506823<\/p><p><strong>E-Mail<\/strong>:\u00a0<a href=\"mailto:colegiosandaniel@telefonica.net\">colegiosandaniel@telefonica.net<\/a><\/p><p><strong>Web:\u00a0<\/strong><a href=\"http:\/\/ccsandaniel.wix.com\/ceuta\">http:\/\/ccsandaniel.wix.com\/ceuta<\/a><\/p><p>\u00a0<\/p><h5><span style=\"text-decoration: underline;\"><strong>Colegio Beatriz de Silva<\/strong><\/span><\/h5><p><strong>Direcci\u00f3n del centro\u00a0 \u00a0 \u00a0 \u00a0 \u00a0 \u00a0 \u00a0 \u00a0 \u00a0 \u00a0 \u00a0 \u00a0 \u00a0 \u00a0 \u00a0 \u00a0 \u00a0 \u00a0 \u00a0 \u00a0 \u00a0 \u00a0 \u00a0 \u00a0 \u00a0 \u00a0 \u00a0 \u00a0 \u00a0 \u00a0 \u00a0 \u00a0 \u00a0 \u00a0 \u00a0 \u00a0 \u00a0 \u00a0 \u00a0 \u00a0 \u00a0 \u00a0 \u00a0 \u00a0 \u00a0 <\/strong>Calle Mar\u00eda Salud Tejero, 3\u00a0 \u00a0 \u00a0 \u00a0 \u00a0 \u00a0 \u00a0 \u00a0 \u00a0 \u00a0 \u00a0 \u00a0 \u00a0 \u00a0 \u00a0 \u00a0 \u00a0 \u00a0 \u00a0 \u00a0 \u00a0 \u00a0 \u00a0 \u00a0 \u00a0 \u00a0 \u00a0 \u00a0 \u00a0 \u00a0 \u00a0 \u00a0 \u00a0 \u00a0 \u00a0 \u00a0 \u00a0 \u00a0 \u00a0 \u00a0 51001 \u2013 Ceuta<\/p><p><strong>Tel\u00e9fonos:<\/strong>\u00a0956-513702 \/ 956-518543<\/p><p><strong>E-mail:<\/strong>\u00a0administracion@colegiobeatrizdesilva.com<\/p><p><strong>Web:<\/strong>\u00a0<a href=\"http:\/\/www.colegiobeatrizdesilva.com\/\">http:\/\/www.colegiobeatrizdesilva.com\/<\/a><\/p><p>\u00a0<\/p><h5><span style=\"text-decoration: underline;\"><strong>Colegio Severo Ochoa<\/strong><\/span><\/h5><p><strong>Direcci\u00f3n del centro\u00a0 \u00a0 \u00a0 \u00a0 \u00a0 \u00a0 \u00a0 \u00a0 \u00a0 \u00a0 \u00a0 \u00a0 \u00a0 \u00a0 \u00a0 \u00a0 \u00a0 \u00a0 \u00a0 \u00a0 \u00a0 \u00a0 \u00a0 \u00a0 \u00a0 \u00a0 \u00a0 \u00a0 \u00a0 \u00a0 \u00a0 \u00a0 \u00a0 \u00a0 \u00a0 \u00a0 \u00a0 \u00a0 \u00a0 \u00a0 \u00a0 \u00a0 \u00a0 <\/strong>Calle Bar\u00f3 Alegret, 14\u00a0 \u00a0 \u00a0 \u00a0 \u00a0 \u00a0 \u00a0 \u00a0 \u00a0 \u00a0 \u00a0 \u00a0 \u00a0 \u00a0 \u00a0 \u00a0 \u00a0 \u00a0 \u00a0 \u00a0 \u00a0 \u00a0 \u00a0 \u00a0 \u00a0 \u00a0 \u00a0 \u00a0 \u00a0 \u00a0 \u00a0 \u00a0 \u00a0 \u00a0 \u00a0 \u00a0 \u00a0 \u00a0 \u00a0 \u00a0 \u00a0 \u00a0 \u00a0 \u00a0 51002 \u2013 Ceuta<\/p><p><strong>Tel\u00e9fono:<\/strong>\u00a0956-503667<\/p><p><strong>E-mail:<\/strong>\u00a0severoochoa@telefonica.net<\/p><p><strong>Web:<\/strong>\u00a0<a href=\"http:\/\/www.severoochoa.es\/\">http:\/\/www.severoochoa.es\/<\/a><\/p><p><strong>\u00a0<\/strong><\/p><p>Todas ellas son Cooperativas de Ense\u00f1anza biling\u00fces que imparten Educaci\u00f3n Infantil, Educaci\u00f3n Primaria y Educaci\u00f3n Secundaria Obligatoria y ofertan actividades complementarias y extraescolares.<\/p><p>La totalidad de las Cooperativas de Ense\u00f1anza de Ceuta y Melilla se agrupan de hecho para conseguir, de forma intercooperativa, todos los objetivos comunes a los centros, formando parte todas y cada una de las Sociedades de la Uni\u00f3n Espa\u00f1ola de Cooperativas de Ense\u00f1anza.<\/p>\t\t\t\t\t\t\t\t<\/div>\n\t\t\t\t<\/div>\n\t\t\t\t\t<\/div>\n\t\t<\/div>\n\t\t\t\t\t<\/div>\n\t\t<\/section>\n\t\t\t\t\t<\/div>\n\t\t<\/div>\n\t\t\t\t\t<\/div>\n\t\t<\/section>\n\t\t\t\t<\/div>","protected":false},"excerpt":{"rendered":"<p>Agrupaci\u00f3n de Cooperativas de Ense\u00f1anza de Ceuta (UECoE Ceuta) \u00a0 La Agrupaci\u00f3n de Cooperativas de Ense\u00f1anza de Ceuta pertenecientes a UECoE est\u00e1 compuesta por los siguientes centros educativos: Colegio San Daniel\u00a0 \u00a0 \u00a0 \u00a0 \u00a0 \u00a0 \u00a0 \u00a0 \u00a0 \u00a0 \u00a0 \u00a0 \u00a0 \u00a0 \u00a0 \u00a0 \u00a0 \u00a0 \u00a0 \u00a0 \u00a0 \u00a0 \u00a0 \u00a0 \u00a0 &#8230; <a title=\"ceuta\" class=\"read-more\" href=\"https:\/\/uecoe.es\/en\/asociados\/ceuta\/\" aria-label=\"Read more about ceuta\">Read more<\/a><\/p>","protected":false},"author":6,"featured_media":0,"parent":1479,"menu_order":0,"comment_status":"closed","ping_status":"closed","template":"","meta":{"footnotes":""},"class_list":["post-2603","page","type-page","status-publish"],"_links":{"self":[{"href":"https:\/\/uecoe.es\/en\/wp-json\/wp\/v2\/pages\/2603","targetHints":{"allow":["GET"]}}],"collection":[{"href":"https:\/\/uecoe.es\/en\/wp-json\/wp\/v2\/pages"}],"about":[{"href":"https:\/\/uecoe.es\/en\/wp-json\/wp\/v2\/types\/page"}],"author":[{"embeddable":true,"href":"https:\/\/uecoe.es\/en\/wp-json\/wp\/v2\/users\/6"}],"replies":[{"embeddable":true,"href":"https:\/\/uecoe.es\/en\/wp-json\/wp\/v2\/comments?post=2603"}],"version-history":[{"count":7,"href":"https:\/\/uecoe.es\/en\/wp-json\/wp\/v2\/pages\/2603\/revisions"}],"predecessor-version":[{"id":3312,"href":"https:\/\/uecoe.es\/en\/wp-json\/wp\/v2\/pages\/2603\/revisions\/3312"}],"up":[{"embeddable":true,"href":"https:\/\/uecoe.es\/en\/wp-json\/wp\/v2\/pages\/1479"}],"wp:attachment":[{"href":"https:\/\/uecoe.es\/en\/wp-json\/wp\/v2\/media?parent=2603"}],"curies":[{"name":"wp","href":"https:\/\/api.w.org\/{rel}","templated":true}]}}