{"id":2608,"date":"2024-01-26T20:34:55","date_gmt":"2024-01-26T20:34:55","guid":{"rendered":"https:\/\/uecoe.es\/?page_id=2608"},"modified":"2024-01-26T20:35:20","modified_gmt":"2024-01-26T20:35:20","slug":"melilla","status":"publish","type":"page","link":"https:\/\/uecoe.es\/en\/asociados\/melilla\/","title":{"rendered":"melilla"},"content":{"rendered":"<div data-elementor-type=\"wp-page\" data-elementor-id=\"2608\" class=\"elementor elementor-2608\" data-elementor-post-type=\"page\">\n\t\t\t\t\t\t<section class=\"elementor-section elementor-top-section elementor-element elementor-element-0c6c36f elementor-section-boxed elementor-section-height-default elementor-section-height-default\" data-id=\"0c6c36f\" data-element_type=\"section\" data-e-type=\"section\">\n\t\t\t\t\t\t<div class=\"elementor-container elementor-column-gap-default\">\n\t\t\t\t\t<div class=\"elementor-column elementor-col-100 elementor-top-column elementor-element elementor-element-d2164ae\" data-id=\"d2164ae\" data-element_type=\"column\" data-e-type=\"column\">\n\t\t\t<div class=\"elementor-widget-wrap elementor-element-populated\">\n\t\t\t\t\t\t<section class=\"elementor-section elementor-inner-section elementor-element elementor-element-5e9d9c6 elementor-section-boxed elementor-section-height-default elementor-section-height-default\" data-id=\"5e9d9c6\" data-element_type=\"section\" data-e-type=\"section\">\n\t\t\t\t\t\t<div class=\"elementor-container elementor-column-gap-default\">\n\t\t\t\t\t<div class=\"elementor-column elementor-col-50 elementor-inner-column elementor-element elementor-element-295d2ca\" data-id=\"295d2ca\" data-element_type=\"column\" data-e-type=\"column\">\n\t\t\t<div class=\"elementor-widget-wrap elementor-element-populated\">\n\t\t\t\t\t\t<div class=\"elementor-element elementor-element-6d2dc91 elementor-widget__width-inherit elementor-widget elementor-widget-shortcode\" data-id=\"6d2dc91\" data-element_type=\"widget\" data-e-type=\"widget\" data-widget_type=\"shortcode.default\">\n\t\t\t\t<div class=\"elementor-widget-container\">\n\t\t\t\t\t\t\t<div class=\"elementor-shortcode\"><div class=\"map_wrapper\" id=\"map_wrapper_1770\">\n<div class=\"map_box\" style=\"max-width:1600px\">\n<div class=\"map_aspect_ratio\" style=\"padding-top:90%\" data-padding-top=\"90%\" data-padding-top-mobile=\"0%\">\n<div class=\"map_container\">\n<div class=\"map_render map_loading\" id=\"map_1770\"><\/div>\n<\/div>\n<\/div>\n<\/div>\n<\/div><\/div>\n\t\t\t\t\t\t<\/div>\n\t\t\t\t<\/div>\n\t\t\t\t\t<\/div>\n\t\t<\/div>\n\t\t\t\t<div class=\"elementor-column elementor-col-50 elementor-inner-column elementor-element elementor-element-83a8acf\" data-id=\"83a8acf\" data-element_type=\"column\" data-e-type=\"column\">\n\t\t\t<div class=\"elementor-widget-wrap elementor-element-populated\">\n\t\t\t\t\t\t<div class=\"elementor-element elementor-element-82d14da elementor-widget elementor-widget-text-editor\" data-id=\"82d14da\" data-element_type=\"widget\" data-e-type=\"widget\" data-widget_type=\"text-editor.default\">\n\t\t\t\t<div class=\"elementor-widget-container\">\n\t\t\t\t\t\t\t\t\t<h3>Agrupaci\u00f3n de Cooperativas de Ense\u00f1anza de Melilla (UECoE Melilla).<\/h3><p><strong><a class=\"dt-single-image\" href=\"http:\/\/uecoe.es\/wp-content\/uploads\/2016\/04\/melilla_logo.jpg\" data-dt-img-description=\"\"><img decoding=\"async\" class=\"size-medium wp-image-458 aligncenter\" src=\"http:\/\/uecoe.es\/wp-content\/uploads\/2016\/04\/melilla_logo-300x133.jpg\" sizes=\"(max-width: 300px) 100vw, 300px\" srcset=\"https:\/\/uecoe.endesys.net\/wp-content\/uploads\/2016\/04\/melilla_logo-300x133.jpg 300w, https:\/\/uecoe.endesys.net\/wp-content\/uploads\/2016\/04\/melilla_logo.jpg 337w\" alt=\"melilla_logo\" width=\"300\" height=\"133\" \/><\/a><a class=\"dt-single-image\" href=\"http:\/\/uecoe.es\/wp-content\/uploads\/2016\/04\/ceuta_melilla.jpg\" data-dt-img-description=\"\"><img decoding=\"async\" class=\"size-medium wp-image-351 aligncenter\" src=\"http:\/\/uecoe.es\/wp-content\/uploads\/2016\/04\/ceuta_melilla-300x150.jpg\" sizes=\"(max-width: 300px) 100vw, 300px\" srcset=\"https:\/\/uecoe.endesys.net\/wp-content\/uploads\/2016\/04\/ceuta_melilla-300x150.jpg 300w, https:\/\/uecoe.endesys.net\/wp-content\/uploads\/2016\/04\/ceuta_melilla.jpg 633w\" alt=\"ceuta_melilla\" width=\"300\" height=\"150\" \/><\/a><\/strong><\/p><p>En la Ciudad Aut\u00f3noma de Melilla se encuentra el Colegio Enrique Soler \u2013 Cooperativa de Maestros de Melilla (COMAMEL)\u00a0<strong><a href=\"http:\/\/www.colegioenriquesoler.com\/\">http:\/\/www.colegioenriquesoler.com\/<\/a>\u00a0<\/strong>\u00a0entidad representante del movimiento cooperativo y de Econom\u00eda Social educativa asociado a la UECoE.<\/p><p>Es una Cooperativas de Ense\u00f1anza biling\u00fce que imparte Educaci\u00f3n Infantil, Educaci\u00f3n Primaria y Educaci\u00f3n Secundaria Obligatoria y oferta actividades complementarias y extraescolares.<\/p><p>\u00a0<\/p><p>Los datos de la cooperativa Colegio Enrique Soler son:<\/p><p><strong>Direcci\u00f3n:<\/strong>\u00a0Calle Escultor Mustafa Arruf,\u00a0 n\u00ba8\u00a0 52005- Melilla<\/p><p><strong>Tfno.<\/strong>: 952-6797\u00a0<strong>Fax<\/strong>: 952-675153<\/p><p><strong>E-Mail<\/strong>:\u00a0<a href=\"mailto:comamel@colegioenriquesoler.com\">comamel@colegioenriquesoler.com<\/a><\/p><p><strong>Web:\u00a0<\/strong><a href=\"http:\/\/www.colegioenriquesoler.com\/\">http:\/\/www.colegioenriquesoler.com\/<\/a><\/p><p><strong>Persona de contacto:\u00a0<\/strong>Antonio Aguilar Ruiz<\/p>\t\t\t\t\t\t\t\t<\/div>\n\t\t\t\t<\/div>\n\t\t\t\t\t<\/div>\n\t\t<\/div>\n\t\t\t\t\t<\/div>\n\t\t<\/section>\n\t\t\t\t\t<\/div>\n\t\t<\/div>\n\t\t\t\t\t<\/div>\n\t\t<\/section>\n\t\t\t\t<\/div>","protected":false},"excerpt":{"rendered":"<p>Agrupaci\u00f3n de Cooperativas de Ense\u00f1anza de Melilla (UECoE Melilla). En la Ciudad Aut\u00f3noma de Melilla se encuentra el Colegio Enrique Soler \u2013 Cooperativa de Maestros de Melilla (COMAMEL)\u00a0http:\/\/www.colegioenriquesoler.com\/\u00a0\u00a0entidad representante del movimiento cooperativo y de Econom\u00eda Social educativa asociado a la UECoE. Es una Cooperativas de Ense\u00f1anza biling\u00fce que imparte Educaci\u00f3n Infantil, Educaci\u00f3n Primaria y Educaci\u00f3n &#8230; <a title=\"melilla\" class=\"read-more\" href=\"https:\/\/uecoe.es\/en\/asociados\/melilla\/\" aria-label=\"Read more about melilla\">Read more<\/a><\/p>","protected":false},"author":6,"featured_media":0,"parent":1479,"menu_order":0,"comment_status":"closed","ping_status":"closed","template":"","meta":{"footnotes":""},"class_list":["post-2608","page","type-page","status-publish"],"_links":{"self":[{"href":"https:\/\/uecoe.es\/en\/wp-json\/wp\/v2\/pages\/2608","targetHints":{"allow":["GET"]}}],"collection":[{"href":"https:\/\/uecoe.es\/en\/wp-json\/wp\/v2\/pages"}],"about":[{"href":"https:\/\/uecoe.es\/en\/wp-json\/wp\/v2\/types\/page"}],"author":[{"embeddable":true,"href":"https:\/\/uecoe.es\/en\/wp-json\/wp\/v2\/users\/6"}],"replies":[{"embeddable":true,"href":"https:\/\/uecoe.es\/en\/wp-json\/wp\/v2\/comments?post=2608"}],"version-history":[{"count":4,"href":"https:\/\/uecoe.es\/en\/wp-json\/wp\/v2\/pages\/2608\/revisions"}],"predecessor-version":[{"id":2612,"href":"https:\/\/uecoe.es\/en\/wp-json\/wp\/v2\/pages\/2608\/revisions\/2612"}],"up":[{"embeddable":true,"href":"https:\/\/uecoe.es\/en\/wp-json\/wp\/v2\/pages\/1479"}],"wp:attachment":[{"href":"https:\/\/uecoe.es\/en\/wp-json\/wp\/v2\/media?parent=2608"}],"curies":[{"name":"wp","href":"https:\/\/api.w.org\/{rel}","templated":true}]}}