{"id":80,"date":"2023-02-12T12:53:51","date_gmt":"2023-02-12T12:53:51","guid":{"rendered":"https:\/\/uecoe.es\/?page_id=80"},"modified":"2026-03-12T11:48:42","modified_gmt":"2026-03-12T10:48:42","slug":"aviso-legal","status":"publish","type":"page","link":"https:\/\/uecoe.es\/en\/aviso-legal\/","title":{"rendered":"aviso-legal"},"content":{"rendered":"<div data-elementor-type=\"wp-page\" data-elementor-id=\"80\" class=\"elementor elementor-80\" data-elementor-post-type=\"page\">\n\t\t\t\t\t\t<section class=\"elementor-section elementor-top-section elementor-element elementor-element-26c7e18 elementor-section-stretched elementor-section-boxed elementor-section-height-default elementor-section-height-default\" data-id=\"26c7e18\" data-element_type=\"section\" data-e-type=\"section\" data-settings=\"{&quot;stretch_section&quot;:&quot;section-stretched&quot;}\">\n\t\t\t\t\t\t<div class=\"elementor-container elementor-column-gap-default\">\n\t\t\t\t\t<div class=\"elementor-column elementor-col-100 elementor-top-column elementor-element elementor-element-5c02d86\" data-id=\"5c02d86\" data-element_type=\"column\" data-e-type=\"column\">\n\t\t\t<div class=\"elementor-widget-wrap elementor-element-populated\">\n\t\t\t\t\t\t<div class=\"elementor-element elementor-element-308c089 elementor-widget elementor-widget-heading\" data-id=\"308c089\" data-element_type=\"widget\" data-e-type=\"widget\" data-widget_type=\"heading.default\">\n\t\t\t\t<div class=\"elementor-widget-container\">\n\t\t\t\t\t<h3 class=\"elementor-heading-title elementor-size-default\">Aviso legal<\/h3>\t\t\t\t<\/div>\n\t\t\t\t<\/div>\n\t\t\t\t\t<\/div>\n\t\t<\/div>\n\t\t\t\t\t<\/div>\n\t\t<\/section>\n\t\t\t\t<section class=\"elementor-section elementor-top-section elementor-element elementor-element-9b400be elementor-section-stretched elementor-section-boxed elementor-section-height-default elementor-section-height-default\" data-id=\"9b400be\" data-element_type=\"section\" data-e-type=\"section\" data-settings=\"{&quot;stretch_section&quot;:&quot;section-stretched&quot;}\">\n\t\t\t\t\t\t<div class=\"elementor-container elementor-column-gap-default\">\n\t\t\t\t\t<div class=\"elementor-column elementor-col-100 elementor-top-column elementor-element elementor-element-9ce9186\" data-id=\"9ce9186\" data-element_type=\"column\" data-e-type=\"column\">\n\t\t\t<div class=\"elementor-widget-wrap elementor-element-populated\">\n\t\t\t\t\t\t<div class=\"elementor-element elementor-element-aa10e32 elementor-widget elementor-widget-text-editor\" data-id=\"aa10e32\" data-element_type=\"widget\" data-e-type=\"widget\" data-widget_type=\"text-editor.default\">\n\t\t\t\t<div class=\"elementor-widget-container\">\n\t\t\t\t\t\t\t\t\t<p><strong>CONDICIONES DE USO<\/strong><\/p><p>En cumplimiento de la Ley 34\/2002, de 11 de julio, de Servicios de la Sociedad de la Informaci\u00f3n y de Comercio Electr\u00f3nico (LSSI-CE), la UNI\u00d3N ESPA\u00d1OLA DE COOPERATIVAS DE ENSE\u00d1ANZA &#8211; UECoE informa que es titular del sitio web www.uecoe.es. De acuerdo con la exigencia del art\u00edculo 10 de la citada Ley, la UNI\u00d3N ESPA\u00d1OLA DE COOPERATIVAS DE ENSE\u00d1ANZA &#8211; UECoE informa de los siguientes datos:<\/p><p>El titular de este sitio web es la UNI\u00d3N ESPA\u00d1OLA DE COOPERATIVAS DE ENSE\u00d1ANZA &#8211; UECoE, con CIF F-79241436 y domicilio social en Calle Quintana, 1 \u2013 2\u00baB, 28008 Madrid, es una empresa inscrita en el inscrita en el Registro de Cooperativas, Secci\u00f3n Central, en el Libro de Inscripci\u00f3n de Asociaciones Cooperativas, al tomo II, folio 21, asiento n\u00famero 21. La direcci\u00f3n de correo electr\u00f3nico de contacto con la empresa es: <a href=\"mailto:uecoe@uecoe.es\">uecoe@uecoe.es<\/a>.<\/p><p><strong>FINANCIACI\u00d3N<\/strong><\/p><p>Esta p\u00e1gina web ha sido financiada por la Uni\u00f3n Europea \u2013 NextGenerationEU con los fondos para el Plan de Recuperaci\u00f3n, Transformaci\u00f3n y Resiliencia a trav\u00e9s del Kit Digital. USUARIO Y R\u00c9GIMEN DE RESPONSABILIDADES<\/p><p><strong>USUARIO Y R\u00c9GIMEN DE RESPONSABILIDADES<\/strong><\/p><p>La navegaci\u00f3n, acceso y uso por el sitio web de la UNI\u00d3N ESPA\u00d1OLA DE COOPERATIVAS DE ENSE\u00d1ANZA &#8211; UECoE confiere la condici\u00f3n de usuario, por la que se aceptan, desde la navegaci\u00f3n por el sitio web de la UNI\u00d3N ESPA\u00d1OLA DE COOPERATIVAS DE ENSE\u00d1ANZA &#8211; UECoE, todas las condiciones de uso aqu\u00ed establecidas sin perjuicio de la aplicaci\u00f3n de la correspondiente normativa de obligado cumplimiento legal seg\u00fan el caso.<br \/>El sitio web de la UNI\u00d3N ESPA\u00d1OLA DE COOPERATIVAS DE ENSE\u00d1ANZA &#8211; UECoE proporciona gran diversidad de informaci\u00f3n, servicios y datos. El usuario asume su responsabilidad en el uso correcto del sitio web. Esta responsabilidad se extender\u00e1 a:<\/p><p>La veracidad y licitud de las informaciones aportadas por el usuario en los formularios extendidos por la UNI\u00d3N ESPA\u00d1OLA DE COOPERATIVAS DE ENSE\u00d1ANZA &#8211; UECoE para el acceso a ciertos contenidos o servicios ofrecidos por la web.<br \/><br \/><\/p><p>El uso de la informaci\u00f3n, servicios y datos ofrecidos por la UNI\u00d3N ESPA\u00d1OLA DE COOPERATIVAS DE ENSE\u00d1ANZA &#8211; UECoE contrariamente a lo dispuesto por las presentes condiciones, la Ley, la moral, las buenas costumbres o el orden p\u00fablico, o que de cualquier otro modo puedan suponer lesi\u00f3n de los derechos de terceros o del mismo funcionamiento del sitio web.<\/p><p><strong>POL\u00cdTICA DE ENLACES Y EXENCIONES DE RESPONSABILIDAD<\/strong><\/p><p>La UNI\u00d3N ESPA\u00d1OLA DE COOPERATIVAS DE ENSE\u00d1ANZA &#8211; UECoE no se hace responsable del contenido de los sitios web a los que el usuario pueda acceder a trav\u00e9s de los enlaces establecidos en su sitio web y declara que en ning\u00fan caso proceder\u00e1 a examinar o ejercitar ning\u00fan tipo de control sobre el contenido de otros sitios de la red. Asimismo, tampoco garantizar\u00e1 la disponibilidad t\u00e9cnica, exactitud, veracidad, validez o legalidad de sitios ajenos a su propiedad a los que se pueda acceder por medio de los enlaces.<\/p><p>La UNI\u00d3N ESPA\u00d1OLA DE COOPERATIVAS DE ENSE\u00d1ANZA &#8211; UECoE declara haber adoptado todas las medidas necesarias para evitar cualquier da\u00f1o a los usuarios de su sitio web, que pudieran derivarse de la navegaci\u00f3n por su sitio web. En consecuencia, la UNI\u00d3N ESPA\u00d1OLA DE COOPERATIVAS DE ENSE\u00d1ANZA &#8211; UECoE no se hace responsable, en ning\u00fan caso, de los eventuales da\u00f1os que por la navegaci\u00f3n por Internet pudiera sufrir el usuario.<\/p><p><strong>MODIFICACIONES<\/strong><\/p><p>La UNI\u00d3N ESPA\u00d1OLA DE COOPERATIVAS DE ENSE\u00d1ANZA &#8211; UECoE se reserva el derecho a realizar las modificaciones que considere oportunas, sin aviso previo, en el contenido de su sitio web. Tanto en lo referente a los contenidos del sitio web, como en las condiciones de uso del mismo. Dichas modificaciones podr\u00e1n realizarse a trav\u00e9s de su sitio web por cualquier forma admisible en derecho y ser\u00e1n de obligado cumplimiento durante el tiempo en que se encuentren publicadas en la web y hasta que no sean modificadas v\u00e1lidamente por otras posteriores.<\/p><p><strong>PROTECCI\u00d3N DE DATOS<\/strong><\/p><p>De conformidad con lo que establece la Ley Org\u00e1nica 15\/1999 de Protecci\u00f3n de Datos de Car\u00e1cter Personal (LOPD), la UNI\u00d3N ESPA\u00d1OLA DE COOPERATIVAS DE ENSE\u00d1ANZA &#8211; UECoE informa a los usuarios de su sitio web que los datos personales recabados por la empresa, mediante los formularios sitos en sus p\u00e1ginas, ser\u00e1n introducidos en un fichero automatizado bajo la responsabilidad de la UNI\u00d3N ESPA\u00d1OLA DE COOPERATIVAS DE ENSE\u00d1ANZA &#8211; UECoE, con la finalidad de poder facilitar, agilizar y cumplir los compromisos establecidos entre ambas partes.<\/p><p>Asimismo, la UNI\u00d3N ESPA\u00d1OLA DE COOPERATIVAS DE ENSE\u00d1ANZA &#8211; UECoE informa de la posibilidad de ejercer los derechos de acceso, rectificaci\u00f3n, cancelaci\u00f3n y oposici\u00f3n mediante un escrito a la direcci\u00f3n: Calle Quintana, 1 \u2013 2\u00baB, 28008 Madrid.<\/p><p>Mientras el usuario no comunique lo contrario a la UNI\u00d3N ESPA\u00d1OLA DE COOPERATIVAS DE ENSE\u00d1ANZA &#8211; UECoE, \u00e9sta entender\u00e1 que sus datos no han sido modificados, que el usuario se compromete a notificar a la UNI\u00d3N ESPA\u00d1OLA DE COOPERATIVAS DE ENSE\u00d1ANZA &#8211; UECoE cualquier variaci\u00f3n y que la UNI\u00d3N ESPA\u00d1OLA DE COOPERATIVAS DE ENSE\u00d1ANZA &#8211; UECoE tiene el consentimiento para utilizarlos a fin de poder fidelizar la relaci\u00f3n entre las partes.<\/p><p><strong>PROPIEDAD INTELECTUAL E INDUSTRIAL<\/strong><\/p><p>La UNI\u00d3N ESPA\u00d1OLA DE COOPERATIVAS DE ENSE\u00d1ANZA &#8211; UECoE por s\u00ed misma o como cesionaria, es titular de todos los derechos de propiedad intelectual e industrial de su p\u00e1gina web, as\u00ed como de los elementos contenidos en la misma (a t\u00edtulo enunciativo, im\u00e1genes, sonido, audio, v\u00eddeo, software o textos; marcas o logotipos, combinaciones de colores, estructura y dise\u00f1o, selecci\u00f3n de materiales usados, programas de ordenador necesarios para su funcionamiento, acceso y uso, etc.), titularidad de la UNI\u00d3N ESPA\u00d1OLA DE COOPERATIVAS DE ENSE\u00d1ANZA &#8211; UECoE. Ser\u00e1n, por consiguiente, obras protegidas como propiedad intelectual por el ordenamiento jur\u00eddico espa\u00f1ol, si\u00e9ndoles aplicables tanto la normativa espa\u00f1ola y comunitaria en este campo, como los tratados internacionales relativos a la materia y suscritos por Espa\u00f1a.<\/p><p>Todos los derechos reservados. En virtud de lo dispuesto en la Ley de Propiedad Intelectual, quedan expresamente prohibidas la reproducci\u00f3n, la distribuci\u00f3n y la comunicaci\u00f3n p\u00fablica, incluida su modalidad de puesta a disposici\u00f3n, de la totalidad o parte de los contenidos de esta p\u00e1gina web, con fines comerciales, en cualquier soporte y por cualquier medio t\u00e9cnico, sin la autorizaci\u00f3n de la UNI\u00d3N ESPA\u00d1OLA DE COOPERATIVAS DE ENSE\u00d1ANZA &#8211; UECoE.<br \/>El usuario se compromete a respetar los derechos de Propiedad Intelectual e Industrial titularidad de la UNI\u00d3N ESPA\u00d1OLA DE COOPERATIVAS DE ENSE\u00d1ANZA &#8211; UECoE<br \/>Podr\u00e1 visualizar los elementos del portal e incluso imprimirlos, copiarlos y almacenarlos en el disco duro de su ordenador o en cualquier otro soporte f\u00edsico siempre y cuando sea, \u00fanica y exclusivamente, para su uso personal y privado. El usuario deber\u00e1 abstenerse de suprimir, alterar, eludir o manipular cualquier dispositivo de protecci\u00f3n o sistema de seguridad que estuviera instalado en las p\u00e1ginas de la UNI\u00d3N ESPA\u00d1OLA DE COOPERATIVAS DE ENSE\u00d1ANZA &#8211; UECoE.<\/p><p><strong>ACCIONES LEGALES, LEGISLACI\u00d3N APLICABLE Y JURISDICCI\u00d3N<\/strong><\/p><p>La UNI\u00d3N ESPA\u00d1OLA DE COOPERATIVAS DE ENSE\u00d1ANZA &#8211; UECoE se reserva, asimismo, la facultad de presentar las acciones civiles o penales que considere oportunas por la utilizaci\u00f3n indebida de su sitio web y contenidos, o por el incumplimiento de las presentes condiciones.<\/p><p>La relaci\u00f3n entre el usuario y el prestador se regir\u00e1 por la normativa vigente y de aplicaci\u00f3n en el territorio espa\u00f1ol. De surgir cualquier controversia las partes podr\u00e1n someter sus conflictos a arbitraje o acudir a la jurisdicci\u00f3n ordinaria cumpliendo con las normas sobre jurisdicci\u00f3n y competencia al respecto. La UNI\u00d3N ESPA\u00d1OLA DE COOPERATIVAS DE ENSE\u00d1ANZA &#8211; UECoE tiene su domicilio en MADRID, Espa\u00f1a.<\/p><p><strong>LOPD y LSSI-CE<\/strong><\/p><p>En cumplimiento de lo establecido por la Ley Org\u00e1nica 3\/2018, de 5 de diciembre, de Protecci\u00f3n de Datos Personales y Garant\u00eda de los Derechos Digitales, y en el Reglamento General de Protecci\u00f3n de Datos 2016\/679 (RGPD), le informamos que sus datos ser\u00e1n incorporados a un fichero bajo la responsabilidad de la UNI\u00d3N ESPA\u00d1OLA DE COOPERATIVAS DE ENSE\u00d1ANZA &#8211; UECoE con la finalidad de poder atender los compromisos derivados de la relaci\u00f3n que mantenemos con usted.<\/p><p>Puede ejercer sus derechos de acceso, rectificaci\u00f3n, cancelaci\u00f3n y oposici\u00f3n mediante un escrito a nuestra direcci\u00f3n: Calle Quintana, 1 \u2013 2\u00baB, 28008 Madrid.<\/p><p>Mientras no nos comunique lo contrario, entenderemos que sus datos no han sido modificados, que usted se compromete a notificarnos cualquier variaci\u00f3n y que contamos con su consentimiento para el tratamiento de los mismos.<\/p><p>Asimismo y de acuerdo con lo establecido en la Ley 34\/2002, de 11 de julio, de Servicios de la Sociedad de la Informaci\u00f3n y de Comercio Electr\u00f3nico, en su art\u00edculo 21, solicitamos tambi\u00e9n su consentimiento expreso para enviarle publicidad de nuestros productos o promociones que consideremos puedan ser de su inter\u00e9s, por correo electr\u00f3nico o por cualquier otro medio de comunicaci\u00f3n electr\u00f3nica equivalente.<\/p><p>Le informamos que podr\u00e1 revocar en cualquier momento el consentimiento prestado a la recepci\u00f3n de comunicaciones comerciales enviando un e-mail a la direcci\u00f3n de correo electr\u00f3nico: uecoe@uecoe.es.<\/p><p>\u00daltima modificaci\u00f3n: Marzo de 2026\u00a0<\/p>\t\t\t\t\t\t\t\t<\/div>\n\t\t\t\t<\/div>\n\t\t\t\t\t<\/div>\n\t\t<\/div>\n\t\t\t\t\t<\/div>\n\t\t<\/section>\n\t\t\t\t<\/div>","protected":false},"excerpt":{"rendered":"<p>Aviso legal CONDICIONES DE USO En cumplimiento de la Ley 34\/2002, de 11 de julio, de Servicios de la Sociedad de la Informaci\u00f3n y de Comercio Electr\u00f3nico (LSSI-CE), la UNI\u00d3N ESPA\u00d1OLA DE COOPERATIVAS DE ENSE\u00d1ANZA &#8211; UECoE informa que es titular del sitio web www.uecoe.es. De acuerdo con la exigencia del art\u00edculo 10 de la &#8230; <a title=\"aviso-legal\" class=\"read-more\" href=\"https:\/\/uecoe.es\/en\/aviso-legal\/\" aria-label=\"Read more about aviso-legal\">Read more<\/a><\/p>","protected":false},"author":6,"featured_media":0,"parent":0,"menu_order":0,"comment_status":"closed","ping_status":"closed","template":"","meta":{"footnotes":""},"class_list":["post-80","page","type-page","status-publish"],"_links":{"self":[{"href":"https:\/\/uecoe.es\/en\/wp-json\/wp\/v2\/pages\/80","targetHints":{"allow":["GET"]}}],"collection":[{"href":"https:\/\/uecoe.es\/en\/wp-json\/wp\/v2\/pages"}],"about":[{"href":"https:\/\/uecoe.es\/en\/wp-json\/wp\/v2\/types\/page"}],"author":[{"embeddable":true,"href":"https:\/\/uecoe.es\/en\/wp-json\/wp\/v2\/users\/6"}],"replies":[{"embeddable":true,"href":"https:\/\/uecoe.es\/en\/wp-json\/wp\/v2\/comments?post=80"}],"version-history":[{"count":67,"href":"https:\/\/uecoe.es\/en\/wp-json\/wp\/v2\/pages\/80\/revisions"}],"predecessor-version":[{"id":4345,"href":"https:\/\/uecoe.es\/en\/wp-json\/wp\/v2\/pages\/80\/revisions\/4345"}],"wp:attachment":[{"href":"https:\/\/uecoe.es\/en\/wp-json\/wp\/v2\/media?parent=80"}],"curies":[{"name":"wp","href":"https:\/\/api.w.org\/{rel}","templated":true}]}}